{"id":10661,"date":"2026-02-03T10:55:22","date_gmt":"2026-02-03T09:55:22","guid":{"rendered":"https:\/\/ecc-netitalia.it\/?page_id=10661"},"modified":"2026-02-03T12:26:56","modified_gmt":"2026-02-03T11:26:56","slug":"guida-giochi-olimpici-2026-comunicazione-e-internet","status":"publish","type":"page","link":"https:\/\/ecc-netitalia.it\/it\/guida-giochi-olimpici-2026-comunicazione-e-internet\/","title":{"rendered":"Guida Giochi Olimpici 2026 &#8211; Comunicazione e internet"},"content":{"rendered":"\t\t<div data-elementor-type=\"wp-page\" data-elementor-id=\"10661\" class=\"elementor elementor-10661\" data-elementor-settings=\"{&quot;ha_cmc_init_switcher&quot;:&quot;no&quot;}\" data-elementor-post-type=\"page\">\n\t\t\t\t<div class=\"elementor-element elementor-element-2f8d2b4 e-flex e-con-boxed e-con e-parent\" data-id=\"2f8d2b4\" data-element_type=\"container\" data-e-type=\"container\" data-settings=\"{&quot;background_background&quot;:&quot;classic&quot;,&quot;_ha_eqh_enable&quot;:false}\">\n\t\t\t\t\t<div class=\"e-con-inner\">\n\t\t<div class=\"elementor-element elementor-element-1c6186d e-con-full e-flex e-con e-child\" data-id=\"1c6186d\" data-element_type=\"container\" data-e-type=\"container\" data-settings=\"{&quot;_ha_eqh_enable&quot;:false}\">\n\t\t\t\t<div class=\"elementor-element elementor-element-98f9cf5 elementor-widget__width-auto ha-has-bg-overlay elementor-widget elementor-widget-ha-breadcrumbs happy-addon ha-breadcrumbs happy-addon-pro\" data-id=\"98f9cf5\" data-element_type=\"widget\" data-e-type=\"widget\" data-widget_type=\"ha-breadcrumbs.default\">\n\t\t\t\t<div class=\"elementor-widget-container\">\n\t\t\t\t\t<ul class=\"ha-breadcrumbs\"><li class=\"ha-breadcrumbs-item ha-breadcrumbs-start\"><a href=\"https:\/\/ecc-netitalia.it\/it\/\" rel=\"home\"><span class=\"ha-breadcrumbs-text\">Home<\/span><\/a><\/li><\/ul>\t\t\t\t<\/div>\n\t\t\t\t<\/div>\n\t\t\t\t<div class=\"elementor-element elementor-element-775c639 elementor-widget elementor-widget-text-editor\" data-id=\"775c639\" data-element_type=\"widget\" data-e-type=\"widget\" data-widget_type=\"text-editor.default\">\n\t\t\t\t<div class=\"elementor-widget-container\">\n\t\t\t\t\t\t\t\t\t<p>Consulenza ed assistenza per i consumatori in Europa<\/p>\t\t\t\t\t\t\t\t<\/div>\n\t\t\t\t<\/div>\n\t\t\t\t<\/div>\n\t\t\t\t\t<\/div>\n\t\t\t\t<\/div>\n\t\t<div class=\"elementor-element elementor-element-21be859 e-flex e-con-boxed e-con e-parent\" data-id=\"21be859\" data-element_type=\"container\" data-e-type=\"container\" data-settings=\"{&quot;background_background&quot;:&quot;classic&quot;,&quot;_ha_eqh_enable&quot;:false}\">\n\t\t\t\t\t<div class=\"e-con-inner\">\n\t\t\t\t<div class=\"elementor-element elementor-element-c62b4e8 elementor-widget elementor-widget-text-editor\" data-id=\"c62b4e8\" data-element_type=\"widget\" data-e-type=\"widget\" data-widget_type=\"text-editor.default\">\n\t\t\t\t<div class=\"elementor-widget-container\">\n\t\t\t\t\t\t\t\t\t<p>Durante i Giochi, rimanere connessi sar\u00e0 essenziale per i viaggiatori, sia per condividere le esperienze che per orientarsi e accedere a informazioni utili. Questo capitolo offre consigli pratici su come gestire la telefonia mobile e l\u2019accesso a Internet in Italia, con particolare attenzione ai costi e alla sicurezza.<\/p>\t\t\t\t\t\t\t\t<\/div>\n\t\t\t\t<\/div>\n\t\t\t\t<div class=\"elementor-element elementor-element-d6b1be4 elementor-widget elementor-widget-toggle\" data-id=\"d6b1be4\" data-element_type=\"widget\" data-e-type=\"widget\" data-widget_type=\"toggle.default\">\n\t\t\t\t<div class=\"elementor-widget-container\">\n\t\t\t\t\t\t\t<div class=\"elementor-toggle\">\n\t\t\t\t\t\t\t<div class=\"elementor-toggle-item\">\n\t\t\t\t\t<h3 id=\"elementor-tab-title-2251\" class=\"elementor-tab-title\" data-tab=\"1\" role=\"button\" aria-controls=\"elementor-tab-content-2251\" aria-expanded=\"false\">\n\t\t\t\t\t\t\t\t\t\t\t\t<span class=\"elementor-toggle-icon elementor-toggle-icon-left\" aria-hidden=\"true\">\n\t\t\t\t\t\t\t\t\t\t\t\t\t\t\t<span class=\"elementor-toggle-icon-closed\"><svg class=\"e-font-icon-svg e-fas-caret-right\" viewBox=\"0 0 192 512\" xmlns=\"http:\/\/www.w3.org\/2000\/svg\"><path d=\"M0 384.662V127.338c0-17.818 21.543-26.741 34.142-14.142l128.662 128.662c7.81 7.81 7.81 20.474 0 28.284L34.142 398.804C21.543 411.404 0 402.48 0 384.662z\"><\/path><\/svg><\/span>\n\t\t\t\t\t\t\t\t<span class=\"elementor-toggle-icon-opened\"><svg class=\"elementor-toggle-icon-opened e-font-icon-svg e-fas-caret-up\" viewBox=\"0 0 320 512\" xmlns=\"http:\/\/www.w3.org\/2000\/svg\"><path d=\"M288.662 352H31.338c-17.818 0-26.741-21.543-14.142-34.142l128.662-128.662c7.81-7.81 20.474-7.81 28.284 0l128.662 128.662c12.6 12.599 3.676 34.142-14.142 34.142z\"><\/path><\/svg><\/span>\n\t\t\t\t\t\t\t\t\t\t\t\t\t<\/span>\n\t\t\t\t\t\t\t\t\t\t\t\t<a class=\"elementor-toggle-title\" tabindex=\"0\">Telefonia mobile e roaming <\/a>\n\t\t\t\t\t<\/h3>\n\n\t\t\t\t\t<div id=\"elementor-tab-content-2251\" class=\"elementor-tab-content elementor-clearfix\" data-tab=\"1\" role=\"region\" aria-labelledby=\"elementor-tab-title-2251\"><p>I cittadini dell\u2019UE possono beneficiare del regime \u201cRoam Like at Home\u201d, l\u2019accordo tra gli operatori telefonici dei Paesi membri che consente agli utenti di utilizzare la rete di un altro gestore all\u2019interno dell\u2019UE senza pagare sovrapprezzi. Grazie a questo accordo, i cittadini europei possono usufruire del proprio piano tariffario nazionale anche in Italia, senza costi aggiuntivi per il roaming. In pratica, telefonate, SMS e traffico dati saranno fatturati alle stesse condizioni applicate nel proprio Paese di origine, entro i limiti previsti dal contratto.<\/p><p>Tuttavia, prima di partire \u00e8 sempre consigliabile di:<\/p><ul><li>Verificare i dettagli del piano tariffario: contatta il tuo operatore per conoscere i dettagli del tuo piano tariffario e i limiti di utilizzo dei dati in roaming.<\/li><li>Considerare un piano aggiuntivo: se prevedi di utilizzare molti dati mobili durante il viaggio, valuta l\u2019acquisto di un piano aggiuntivo per evitare costi imprevisti.<\/li><li>Prestare attenzione al traffico dati: le compagnie telefoniche possono imporre un limite all\u2019utilizzo dei dati mobili, anche per piani che prevedono dati illimitati o tariffe particolarmente convenienti. Una volta superato questo limite, potrebbero essere applicati costi aggiuntivi. In questi casi, l\u2019operatore \u00e8 obbligato a informarti tramite SMS quando stai per raggiungere o hai raggiunto il limite.<\/li><li>Ricordare i limiti del roaming gratuito: il roaming gratuito \u00e8 previsto solo per chi si trova all\u2019estero per brevi periodi. Se trascorri diversi mesi fuori dal tuo Paese, anche all\u2019interno dell\u2019UE, l\u2019operatore potrebbe applicare una tariffa aggiuntiva.<\/li><\/ul><p>I viaggiatori provenienti da Paesi extra-UE dovrebbero verificare i costi del roaming prima di utilizzare il proprio telefono in Italia, poich\u00e9 le tariffe possono essere elevate. Per risparmiare, si possono considerare le seguenti opzioni:<\/p><ul><li>Acquistare una SIM locale: le SIM italiane prepagate sono facilmente reperibili presso aeroporti, negozi di telefonia e tabaccherie. I principali operatori italiani (TIM, Vodafone, WindTre, Fastweb) offrono pacchetti convenienti che includono chiamate, SMS e dati mobili.<\/li><li>Optare per una eSIM: alcuni operatori permettono di attivare una SIM virtuale, una soluzione pratica per chi preferisce non cambiare fisicamente la SIM nel telefono.<\/li><li>Verificare la compatibilit\u00e0 del telefono: assicurati che il tuo dispositivo sia sbloccato e compatibile con le reti mobili italiane per poter utilizzare senza problemi una SIM locale o una eSIM.<\/li><\/ul><p>Prima di sottoscrivere un piano telefonico con un operatore italiano, \u00e8 essenziale prestare attenzione ai seguenti aspetti:<\/p><ul><li>Costi di attivazione: verifica eventuali costi aggiuntivi per l\u2019attivazione del servizio, che alcuni operatori potrebbero applicare.<\/li><li>Durata del contratto: molti piani telefonici hanno una durata di 12 o 24 mesi, una soluzione spesso inadatta per soggiorni brevi. Opta per un contratto senza impegno, che possa essere annullato in qualsiasi momento. Prima di firmare, controlla con attenzione le condizioni di disdetta e le eventuali penali.<\/li><li>Offerte apparentemente troppo vantaggiose: diffida delle promozioni che sembrano troppo belle per essere vere. Gli operatori devono fornire informazioni dettagliate sulle condizioni necessarie per ottenere eventuali sconti. Inoltre, assicurati che siano disponibili tutte le informazioni obbligatorie, tra cui:<ul><li>L\u2019indirizzo della sede legale e i contatti (email e numeri di telefono) dell\u2019operatore.<\/li><li>Il costo totale del servizio ed eventuali spese aggiuntive.<\/li><li>Le condizioni di pagamento.<\/li><li>L\u2019eventuale diritto di recesso e le modalit\u00e0 per esercitarlo.<\/li><li>La data di inizio del contratto.<\/li><li>Tempi e modalit\u00e0 di disdetta.<\/li><\/ul><\/li><li>Le principali informazioni post-contratto: assicurati di ricevere tutte le informazioni essenziali su un documento cartaceo o altro supporto durevole, come la conferma delle condizioni e le modalit\u00e0 di esercizio dei tuoi diritti.<\/li><\/ul><p>Quando sei in Italia, \u00e8 consigliabile disattivare il roaming dati se non \u00e8 strettamente necessario, per evitare costi imprevisti legati all\u2019utilizzo del telefono, download e aggiornamenti automatici di app. In alternativa, puoi comunicare facilmente sfruttando le connessioni Wi-Fi gratuite, disponibili in molti luoghi pubblici come caff\u00e8, ristoranti, aeroporti e stazioni. Un modo efficace per ridurre ulteriormente i costi \u00e8 utilizzare app di messaggistica come WhatsApp o Telegram, che consentono di inviare messaggi, effettuare chiamate e videochiamate utilizzando esclusivamente la connessione Wi-Fi, senza consumare dati mobili. In questo modo, potrai rimanere in contatto con amici e familiari senza preoccuparti delle tariffe internazionali, gestendo le comunicazioni in modo economico e pratico.<\/p><\/div>\n\t\t\t\t<\/div>\n\t\t\t\t\t\t\t<div class=\"elementor-toggle-item\">\n\t\t\t\t\t<h3 id=\"elementor-tab-title-2252\" class=\"elementor-tab-title\" data-tab=\"2\" role=\"button\" aria-controls=\"elementor-tab-content-2252\" aria-expanded=\"false\">\n\t\t\t\t\t\t\t\t\t\t\t\t<span class=\"elementor-toggle-icon elementor-toggle-icon-left\" aria-hidden=\"true\">\n\t\t\t\t\t\t\t\t\t\t\t\t\t\t\t<span class=\"elementor-toggle-icon-closed\"><svg class=\"e-font-icon-svg e-fas-caret-right\" viewBox=\"0 0 192 512\" xmlns=\"http:\/\/www.w3.org\/2000\/svg\"><path d=\"M0 384.662V127.338c0-17.818 21.543-26.741 34.142-14.142l128.662 128.662c7.81 7.81 7.81 20.474 0 28.284L34.142 398.804C21.543 411.404 0 402.48 0 384.662z\"><\/path><\/svg><\/span>\n\t\t\t\t\t\t\t\t<span class=\"elementor-toggle-icon-opened\"><svg class=\"elementor-toggle-icon-opened e-font-icon-svg e-fas-caret-up\" viewBox=\"0 0 320 512\" xmlns=\"http:\/\/www.w3.org\/2000\/svg\"><path d=\"M288.662 352H31.338c-17.818 0-26.741-21.543-14.142-34.142l128.662-128.662c7.81-7.81 20.474-7.81 28.284 0l128.662 128.662c12.6 12.599 3.676 34.142-14.142 34.142z\"><\/path><\/svg><\/span>\n\t\t\t\t\t\t\t\t\t\t\t\t\t<\/span>\n\t\t\t\t\t\t\t\t\t\t\t\t<a class=\"elementor-toggle-title\" tabindex=\"0\">Accesso al Wi-Fi pubblico <\/a>\n\t\t\t\t\t<\/h3>\n\n\t\t\t\t\t<div id=\"elementor-tab-content-2252\" class=\"elementor-tab-content elementor-clearfix\" data-tab=\"2\" role=\"region\" aria-labelledby=\"elementor-tab-title-2252\"><p>In molte aree turistiche italiane, trovare connessioni Wi-Fi gratuite \u00e8 abbastanza semplice. La maggior parte degli aeroporti e delle principali stazioni ferroviarie offre Wi-Fi gratuito, sebbene solitamente sia necessario registrarsi con un indirizzo email o un numero di telefono per poterlo utilizzare. Inoltre, molte citt\u00e0 italiane mettono a disposizione reti Wi-Fi pubbliche in piazze e nei principali luoghi di interesse turistico. Anche le biblioteche e i musei spesso offrono connessioni gratuite per i visitatori, permettendo di navigare o comunicare mentre si esplora la cultura locale. Inoltre, numerosi bar e ristoranti offrono Wi-Fi gratuito ai propri clienti, quindi non esitare a chiedere la password al personale. Grazie a queste opzioni, potrai rimanere connesso senza preoccuparti dei costi. Tuttavia, \u00e8 importante prestare attenzione ai rischi legati alla sicurezza delle reti pubbliche, sfruttando al meglio la tua esperienza in Italia.<\/p><p><strong>Come proteggere i tuoi dati personali<\/strong><\/p><p>I rischi informatici sono sempre dietro l\u2019angolo, anche in attivit\u00e0 apparentemente banali come la connessione a reti Wi-Fi pubbliche. Sebbene il Wi-Fi pubblico offra indubbi vantaggi, come la comodit\u00e0, la gratuit\u00e0 e la facilit\u00e0 di utilizzo, \u00e8 fondamentale essere consapevoli che queste reti non sono sempre sicure, e che i nostri dati personali potrebbero essere a rischio.<\/p><p>Connettersi a reti Wi-Fi pubbliche comporta infatti notevoli pericoli, nonostante molte di esse richiedano l\u2019inserimento di una password. Queste reti sono spesso vulnerabili a causa di password deboli, configurazioni di sicurezza del router inadeguate e software obsoleti. Di conseguenza, diventano bersagli facili per hacker, criminali informatici e altri soggetti che mirano a intercettare le nostre attivit\u00e0 online. Anche le azioni quotidiane, come gli acquisti online o la gestione degli account, possono risultare pericolose quando si utilizzano reti Wi-Fi pubbliche non protette.<\/p><p>Quando diventa necessario connettersi a una rete Wi-Fi pubblica, \u00e8 essenziale adottare misure precauzionali per navigare in sicurezza, come:<\/p><ul><li><p>Evitare transazioni sensibili: non effettuare acquisti online o accedere al tuo conto bancario su reti Wi-Fi pubbliche non protette.<\/p><\/li><li><p>Utilizzare app di messaggistica sicure: evita di inviare informazioni riservate tramite chat.<\/p><\/li><li><p>Usare una VPN: una rete privata virtuale (VPN) crittografa la tua connessione e ti protegge da possibili violazioni della sicurezza. Una VPN crea una connessione privata tra il tuo dispositivo e Internet, mascherando il tuo indirizzo IP e criptando i dati per impedire che vengano letti da terzi non autorizzati.<\/p><\/li><li><p>Connettersi a reti ufficiali: verifica sempre che il nome della rete sia corretto e legittimo per evitare di connetterti a reti false.<\/p><\/li><li><p>Attivare specifiche impostazioni sui dispositivi che richiedono la tua autorizzazione prima di connettersi a una rete.<\/p><\/li><li><p>Aggiornare i propri dispositivi: mantieni aggiornati il sistema operativo e il software antivirus per proteggerti dalle minacce informatiche.<\/p><\/li><\/ul><p>Seguendo questi semplici passaggi, puoi navigare in sicurezza anche su reti Wi-Fi pubbliche, riducendo al minimo i rischi legati alla privacy e alla sicurezza dei tuoi dati.<\/p><\/div>\n\t\t\t\t<\/div>\n\t\t\t\t\t\t\t<div class=\"elementor-toggle-item\">\n\t\t\t\t\t<h3 id=\"elementor-tab-title-2253\" class=\"elementor-tab-title\" data-tab=\"3\" role=\"button\" aria-controls=\"elementor-tab-content-2253\" aria-expanded=\"false\">\n\t\t\t\t\t\t\t\t\t\t\t\t<span class=\"elementor-toggle-icon elementor-toggle-icon-left\" aria-hidden=\"true\">\n\t\t\t\t\t\t\t\t\t\t\t\t\t\t\t<span class=\"elementor-toggle-icon-closed\"><svg class=\"e-font-icon-svg e-fas-caret-right\" viewBox=\"0 0 192 512\" xmlns=\"http:\/\/www.w3.org\/2000\/svg\"><path d=\"M0 384.662V127.338c0-17.818 21.543-26.741 34.142-14.142l128.662 128.662c7.81 7.81 7.81 20.474 0 28.284L34.142 398.804C21.543 411.404 0 402.48 0 384.662z\"><\/path><\/svg><\/span>\n\t\t\t\t\t\t\t\t<span class=\"elementor-toggle-icon-opened\"><svg class=\"elementor-toggle-icon-opened e-font-icon-svg e-fas-caret-up\" viewBox=\"0 0 320 512\" xmlns=\"http:\/\/www.w3.org\/2000\/svg\"><path d=\"M288.662 352H31.338c-17.818 0-26.741-21.543-14.142-34.142l128.662-128.662c7.81-7.81 20.474-7.81 28.284 0l128.662 128.662c12.6 12.599 3.676 34.142-14.142 34.142z\"><\/path><\/svg><\/span>\n\t\t\t\t\t\t\t\t\t\t\t\t\t<\/span>\n\t\t\t\t\t\t\t\t\t\t\t\t<a class=\"elementor-toggle-title\" tabindex=\"0\">Consigli utili per la telefonia mobile, il roaming e la connessione sicura<\/a>\n\t\t\t\t\t<\/h3>\n\n\t\t\t\t\t<div id=\"elementor-tab-content-2253\" class=\"elementor-tab-content elementor-clearfix\" data-tab=\"3\" role=\"region\" aria-labelledby=\"elementor-tab-title-2253\"><ul><li>Verifica il tuo piano tariffario: contatta il tuo operatore per conoscere i dettagli del piano e i limiti di utilizzo dei dati in roaming.<\/li><li>Prestare attenzione ai limiti di dati: alcuni piani possono avere limiti anche su dati illimitati, informati sui costi extra.<\/li><li>Verifica la compatibilit\u00e0 del telefono: assicurati che il tuo dispositivo sia sbloccato e compatibile con le reti italiane.<\/li><li>Attenzione ai costi di attivazione: verifica eventuali costi aggiuntivi per l\u2019attivazione dei servizi prima di firmare un contratto con un operatore telefonico.<\/li><li>Proteggi i tuoi dati su Wi-Fi pubblico: utilizza una VPN, evita transazioni sensibili e non inviare informazioni riservate tramite chat su reti non protette.<\/li><li>Rimani informato: assicurati di ricevere tutte le informazioni necessarie per proteggere i tuoi diritti e la sicurezza dei tuoi dati.<\/li><\/ul><\/div>\n\t\t\t\t<\/div>\n\t\t\t\t\t\t\t\t<\/div>\n\t\t\t\t\t\t<\/div>\n\t\t\t\t<\/div>\n\t\t\t\t<div class=\"elementor-element elementor-element-512b35c elementor-hidden-desktop elementor-hidden-tablet elementor-hidden-mobile elementor-widget elementor-widget-text-editor\" data-id=\"512b35c\" data-element_type=\"widget\" data-e-type=\"widget\" data-widget_type=\"text-editor.default\">\n\t\t\t\t<div class=\"elementor-widget-container\">\n\t\t\t\t\t\t\t\t\t<p><strong>Per ulteriori risorse e aggiornamenti sugli eventi e sulle celebrazioni, si consiglia di consultare il <a href=\"https:\/\/www.vatican.va\/content\/vatican\/it.html\" target=\"_blank\" rel=\"noopener\">sito ufficiale della Santa Sede<\/a><\/strong><\/p>\t\t\t\t\t\t\t\t<\/div>\n\t\t\t\t<\/div>\n\t\t\t\t\t<\/div>\n\t\t\t\t<\/div>\n\t\t<div class=\"elementor-element elementor-element-4823992 e-flex e-con-boxed e-con e-parent\" data-id=\"4823992\" data-element_type=\"container\" data-e-type=\"container\" data-settings=\"{&quot;_ha_eqh_enable&quot;:false}\">\n\t\t\t\t\t<div class=\"e-con-inner\">\n\t\t\t\t<div class=\"elementor-element elementor-element-e01edbc elementor-widget__width-inherit elementor-widget elementor-widget-text-editor\" data-id=\"e01edbc\" data-element_type=\"widget\" data-e-type=\"widget\" data-widget_type=\"text-editor.default\">\n\t\t\t\t<div class=\"elementor-widget-container\">\n\t\t\t\t\t\t\t\t\t<p>Indice &#8220;Guida ai Giochi Olimpici 2026&#8221;<\/p>\t\t\t\t\t\t\t\t<\/div>\n\t\t\t\t<\/div>\n\t\t\t\t<div class=\"elementor-element elementor-element-ad1d005 elementor-icon-list--layout-traditional elementor-list-item-link-full_width elementor-widget elementor-widget-icon-list\" data-id=\"ad1d005\" data-element_type=\"widget\" data-e-type=\"widget\" data-widget_type=\"icon-list.default\">\n\t\t\t\t<div class=\"elementor-widget-container\">\n\t\t\t\t\t\t\t<ul class=\"elementor-icon-list-items\">\n\t\t\t\t\t\t\t<li class=\"elementor-icon-list-item\">\n\t\t\t\t\t\t\t\t\t\t\t<a href=\"https:\/\/ecc-netitalia.it\/it\/guida-giochi-olimpici-2026\/\">\n\n\t\t\t\t\t\t\t\t\t\t\t\t<span class=\"elementor-icon-list-icon\">\n\t\t\t\t\t\t\t<i aria-hidden=\"true\" class=\"huge huge-document-validation\"><\/i>\t\t\t\t\t\t<\/span>\n\t\t\t\t\t\t\t\t\t\t<span class=\"elementor-icon-list-text\">Introduzione<\/span>\n\t\t\t\t\t\t\t\t\t\t\t<\/a>\n\t\t\t\t\t\t\t\t\t<\/li>\n\t\t\t\t\t\t\t\t<li class=\"elementor-icon-list-item\">\n\t\t\t\t\t\t\t\t\t\t\t<a href=\"https:\/\/ecc-netitalia.it\/it\/guida-giochi-olimpici-2026-trasporto\/\">\n\n\t\t\t\t\t\t\t\t\t\t\t\t<span class=\"elementor-icon-list-icon\">\n\t\t\t\t\t\t\t<i aria-hidden=\"true\" class=\"huge huge-document-validation\"><\/i>\t\t\t\t\t\t<\/span>\n\t\t\t\t\t\t\t\t\t\t<span class=\"elementor-icon-list-text\">Trasporto<\/span>\n\t\t\t\t\t\t\t\t\t\t\t<\/a>\n\t\t\t\t\t\t\t\t\t<\/li>\n\t\t\t\t\t\t\t\t<li class=\"elementor-icon-list-item\">\n\t\t\t\t\t\t\t\t\t\t\t<a href=\"https:\/\/ecc-netitalia.it\/it\/guida-giochi-olimpici-2026-pacchetti-turistici\/\">\n\n\t\t\t\t\t\t\t\t\t\t\t\t<span class=\"elementor-icon-list-icon\">\n\t\t\t\t\t\t\t<i aria-hidden=\"true\" class=\"huge huge-document-validation\"><\/i>\t\t\t\t\t\t<\/span>\n\t\t\t\t\t\t\t\t\t\t<span class=\"elementor-icon-list-text\">Pacchetti turistici<\/span>\n\t\t\t\t\t\t\t\t\t\t\t<\/a>\n\t\t\t\t\t\t\t\t\t<\/li>\n\t\t\t\t\t\t\t\t<li class=\"elementor-icon-list-item\">\n\t\t\t\t\t\t\t\t\t\t\t<a href=\"https:\/\/ecc-netitalia.it\/it\/guida-giochi-olimpici-2026-alloggio\/\">\n\n\t\t\t\t\t\t\t\t\t\t\t\t<span class=\"elementor-icon-list-icon\">\n\t\t\t\t\t\t\t<i aria-hidden=\"true\" class=\"huge huge-document-validation\"><\/i>\t\t\t\t\t\t<\/span>\n\t\t\t\t\t\t\t\t\t\t<span class=\"elementor-icon-list-text\">Alloggio<\/span>\n\t\t\t\t\t\t\t\t\t\t\t<\/a>\n\t\t\t\t\t\t\t\t\t<\/li>\n\t\t\t\t\t\t\t\t<li class=\"elementor-icon-list-item\">\n\t\t\t\t\t\t\t\t\t\t\t<a href=\"https:\/\/ecc-netitalia.it\/it\/guida-giochi-olimpici-2026-acquisti\/\">\n\n\t\t\t\t\t\t\t\t\t\t\t\t<span class=\"elementor-icon-list-icon\">\n\t\t\t\t\t\t\t<i aria-hidden=\"true\" class=\"huge huge-document-validation\"><\/i>\t\t\t\t\t\t<\/span>\n\t\t\t\t\t\t\t\t\t\t<span class=\"elementor-icon-list-text\">Acquisti<\/span>\n\t\t\t\t\t\t\t\t\t\t\t<\/a>\n\t\t\t\t\t\t\t\t\t<\/li>\n\t\t\t\t\t\t\t\t<li class=\"elementor-icon-list-item\">\n\t\t\t\t\t\t\t\t\t\t\t<a href=\"https:\/\/ecc-netitalia.it\/it\/guida-giochi-olimpici-2026-salute-e-sicurezza\/\">\n\n\t\t\t\t\t\t\t\t\t\t\t\t<span class=\"elementor-icon-list-icon\">\n\t\t\t\t\t\t\t<i aria-hidden=\"true\" class=\"huge huge-document-validation\"><\/i>\t\t\t\t\t\t<\/span>\n\t\t\t\t\t\t\t\t\t\t<span class=\"elementor-icon-list-text\">Salute e sicurezza<\/span>\n\t\t\t\t\t\t\t\t\t\t\t<\/a>\n\t\t\t\t\t\t\t\t\t<\/li>\n\t\t\t\t\t\t\t\t<li class=\"elementor-icon-list-item\">\n\t\t\t\t\t\t\t\t\t\t\t<a href=\"https:\/\/ecc-netitalia.it\/it\/guida-giochi-olimpici-2026-comunicazione-e-internet\/\">\n\n\t\t\t\t\t\t\t\t\t\t\t\t<span class=\"elementor-icon-list-icon\">\n\t\t\t\t\t\t\t<i aria-hidden=\"true\" class=\"huge huge-document-validation\"><\/i>\t\t\t\t\t\t<\/span>\n\t\t\t\t\t\t\t\t\t\t<span class=\"elementor-icon-list-text\">Comunicazioni e Internet<\/span>\n\t\t\t\t\t\t\t\t\t\t\t<\/a>\n\t\t\t\t\t\t\t\t\t<\/li>\n\t\t\t\t\t\t<\/ul>\n\t\t\t\t\t\t<\/div>\n\t\t\t\t<\/div>\n\t\t\t\t\t<\/div>\n\t\t\t\t<\/div>\n\t\t\t\t<\/div>\n\t\t","protected":false},"excerpt":{"rendered":"<p>Home Consulenza ed assistenza per i consumatori in Europa Durante i Giochi, rimanere connessi sar\u00e0 essenziale per i viaggiatori, sia per condividere le esperienze che per orientarsi e accedere a informazioni utili. Questo capitolo offre consigli pratici su come gestire la telefonia mobile e l\u2019accesso a Internet in Italia, con particolare attenzione ai costi e [&hellip;]<\/p>\n","protected":false},"author":1,"featured_media":0,"parent":0,"menu_order":0,"comment_status":"closed","ping_status":"closed","template":"","meta":{"footnotes":""},"class_list":["post-10661","page","type-page","status-publish","hentry"],"_links":{"self":[{"href":"https:\/\/ecc-netitalia.it\/it\/wp-json\/wp\/v2\/pages\/10661","targetHints":{"allow":["GET"]}}],"collection":[{"href":"https:\/\/ecc-netitalia.it\/it\/wp-json\/wp\/v2\/pages"}],"about":[{"href":"https:\/\/ecc-netitalia.it\/it\/wp-json\/wp\/v2\/types\/page"}],"author":[{"embeddable":true,"href":"https:\/\/ecc-netitalia.it\/it\/wp-json\/wp\/v2\/users\/1"}],"replies":[{"embeddable":true,"href":"https:\/\/ecc-netitalia.it\/it\/wp-json\/wp\/v2\/comments?post=10661"}],"version-history":[{"count":5,"href":"https:\/\/ecc-netitalia.it\/it\/wp-json\/wp\/v2\/pages\/10661\/revisions"}],"predecessor-version":[{"id":10698,"href":"https:\/\/ecc-netitalia.it\/it\/wp-json\/wp\/v2\/pages\/10661\/revisions\/10698"}],"wp:attachment":[{"href":"https:\/\/ecc-netitalia.it\/it\/wp-json\/wp\/v2\/media?parent=10661"}],"curies":[{"name":"wp","href":"https:\/\/api.w.org\/{rel}","templated":true}]}}