{"id":5772,"date":"2023-12-07T09:29:02","date_gmt":"2023-12-07T08:29:02","guid":{"rendered":"https:\/\/ecc-netitalia.it\/?page_id=5772"},"modified":"2024-06-02T18:28:04","modified_gmt":"2024-06-02T16:28:04","slug":"cookie-policy","status":"publish","type":"page","link":"https:\/\/ecc-netitalia.it\/it\/cookie-policy\/","title":{"rendered":"Cookie Policy"},"content":{"rendered":"<p><strong>Policy Privacy &amp; Cookie Law per gli utenti che consultano il presente sito web ai sensi dell\u2019articolo 13 del Regolamento (UE) 2016\/679<\/strong><\/p>\n<p>PERCH\u00c9 QUESTE INFORMAZIONI<\/p>\n<p>L\u2019informativa di seguito riportata \u00e8 relativa all\u2019uso dei dati personali e dei\u00a0<em>cookie<\/em>\u00a0su questo sito web.<\/p>\n<p>Per quanto concerne i cookie \u00e8 resa all\u2019utente\/navigatore in attuazione del provvedimento del Garante per la protezione dei dati personali del 10 giugno 2021 \u201cLinee guida cookie e altri strumenti di tracciamento\u201d e nel rispetto dell\u2019art. 13 del Regolamento UE 2016\/679 per la protezione dei dati personali.<\/p>\n<p>Ai sensi del Regolamento (UE) 2016\/679 (di seguito \u201cRegolamento\u201d), questa pagina descrive le modalit\u00e0 di trattamento dei dati personali dell\u2019utente\/navigatore durante la fruizione dei servizi del sito e le possibilit\u00e0 di contatto e di acquisizione dei dati personali dell\u2019utente, nel pieno rispetto dell\u2019art. 13 del Regolamento UE 2016\/679 per la protezione dei dati personali, relativo agli utenti che consultano i presenti siti web accessibili per via telematica ai seguenti indirizzi:<\/p>\n<p>www.ecc-netitalia.it<\/p>\n<p>Le presenti informazioni non riguardano altri siti, pagine o servizi online raggiungibili tramite link ipertestuali eventualmente pubblicati nei siti ma riferiti a risorse esterne ai presenti domini.<\/p>\n<p><strong>TITOLARE DEL TRATTAMENTO<\/strong><\/p>\n<p>A seguito della consultazione dei siti sopra elencati possono essere trattati dati relativi a persone fisiche identificate o identificabili.<\/p>\n<p>Il Titolare del trattamento \u00e8:<\/p>\n<p>Centro Europeo Consumatori Italia<br \/>\nVia G.M. Lancisi, 25, 00161 Roma (RM)<br \/>\ninfo@ecc-netitalia.it<br \/>\nPartita IVA: 96107650580<\/p>\n<p><strong>TIPI DI DATI TRATTATI E FINALIT\u00c0 DEL TRATTAMENTO<\/strong><\/p>\n<p>Funzionalit\u00e0 tecniche di navigazione<\/p>\n<p><em>Dati di navigazione<\/em><\/p>\n<p>I sistemi informatici e le procedure software preposte al funzionamento di questo sito acquisiscono, nel corso del loro normale esercizio, alcuni dati personali la cui trasmissione \u00e8 implicita nell\u2019uso dei protocolli di comunicazione di Internet.<\/p>\n<p>In questa categoria di dati rientrano, in via esplicativa ma non esaustiva, gli indirizzi IP o i nomi a dominio dei computer e dei terminali utilizzati dagli utenti, gli indirizzi in notazione URI\/URL (Uniform Resource Identifier\/Locator) delle risorse richieste, l\u2019orario della richiesta, il metodo utilizzato nel sottoporre la richiesta al server, la dimensione del file ottenuto in risposta, il codice numerico indicante lo stato della risposta data dal server (buon fine, errore, ecc.) ed altri parametri relativi al sistema operativo e all\u2019ambiente informatico dell\u2019utente.<\/p>\n<p>Tali dati, necessari per la fruizione dei servizi web, vengono anche trattati allo scopo di:<\/p>\n<ul>\n<li>ottenere informazioni statistiche sull\u2019uso dei servizi (pagine pi\u00f9 visitate, numero di visitatori per fascia oraria o giornaliera, aree geografiche di provenienza, ecc.);<\/li>\n<li>controllare il corretto funzionamento dei servizi offerti.<\/li>\n<\/ul>\n<p>I dati di navigazione non persistono pi\u00f9 del tempo strettamente necessario e vengono cancellati immediatamente dopo la loro aggregazione (salve eventuali necessit\u00e0 di accertamento di reati da parte dell\u2019Autorit\u00e0 giudiziaria).<\/p>\n<p><em>Dati comunicati dall\u2019utente<\/em><\/p>\n<p>L\u2019invio facoltativo, esplicito e volontario di messaggi agli indirizzi di contatto del Titolare, nonch\u00e9 la compilazione e l\u2019inoltro dei moduli presenti sul sito, comportano l\u2019acquisizione dei dati di contatto del mittente, necessari a rispondere, nonch\u00e9 di tutti i dati personali inclusi nelle comunicazioni.<\/p>\n<p>Specifiche informative verranno pubblicate nelle pagine dei siti del Titolare predisposte per l\u2019erogazione di determinati servizi.<\/p>\n<p><em>Cookie e altri sistemi di tracciamento<\/em><\/p>\n<p>Su questo sito web sono utilizzati\u00a0<em>cookie<\/em>, finalizzati a garantire la corretta fruizione dei contenuti del sito.<\/p>\n<p>Nel sito viene fatto uso di cookie tecnici e di sessione (non persistenti) in modo strettamente limitato a quanto necessario per la navigazione sicura ed efficiente del sito. La memorizzazione dei cookie di sessione nei terminali o nei browser \u00e8 sotto il controllo dell\u2019utente, laddove sui server, al termine delle sessioni HTTP, informazioni relative ai cookie restano registrate nei log dei servizi, con tempi di conservazione strettamente necessari al corretto funzionamento.<\/p>\n<p><em>Funzionamento del banner<\/em><\/p>\n<p>Il banner di gestione della privacy attivato su questo sito non permette a nessun cookie di profilazione di attivarsi prima che l\u2019utente abbia dato il proprio consenso. Se l\u2019utente clicca il tasto acconsento, tutti i cookie di profilazione si attiveranno. Se invece l\u2019utente decide cliccare il tasto personalizza sar\u00e0 lui a personalizzare le sue scelte e decidere quali cookie di profilazione attivare. Se clicca sul tasto rifiuta o sulla X in alto a desta del banner, nessun cookie di profilazione si attiver\u00e0.<\/p>\n<p>Le scelte dell\u2019utente verranno memorizzate per sei mesi tramite un cookie tecnico che si installer\u00e0 sul dispositivo usato dall\u2019utente per accedere al sito. \u00c8 importante spiegare che se l\u2019utente cambiasse dispositivo, quindi magari dal computer passasse al cellulare, le scelte non si potranno trovare sul nuovo dispositivo, per motivi tecnici, e quindi dovranno essere selezionate sul nuovo dispositivo.<\/p>\n<p>Le scelte dell\u2019utente potranno essere cambiate in qualsiasi momento accedendo al pannello di controllo dall\u2019icona di controllo privacy. La nuova configurazione avr\u00e0 una durata di sei mesi.<\/p>\n<p>Nel sito viene fatto uso di cookie per la profilazione di terze parti come meglio specificato qui di seguito.<\/p>\n<p><em>Quali\u00a0cookie sono installati su questo sito?<\/em><\/p>\n<p><b>Google Tag Manager (Google Inc.)<\/b><\/p>\n<p>Google Tag Manager \u00e8 un servizio di gestione dei tag fornito da Google Ireland Limited.<\/p>\n<p>Dati Personali che vengono trattati: Dati di utilizzo; Strumento di Tracciamento.<\/p>\n<p>Luogo del trattamento: Irlanda \u2013\u00a0\u00a0<a href=\"https:\/\/policies.google.com\/privacy\" target=\"_blank\" rel=\"noopener noreferrer nofollow\">Privacy Policy<\/a>.<\/p>\n<p><b>Widget Video YouTube (Google Inc.)<\/b><\/p>\n<p>YouTube \u00e8 un servizio di visualizzazione di contenuti video gestito da Google Ireland Limited e permette a questo Sito Web di integrare tali contenuti all\u2019interno delle proprie pagine.<br \/>\nQuesto widget \u00e8 impostato in modo che YouTube non salvi informazioni e cookie inerenti agli Utenti su questo Sito Web, a meno che non riproducano il video.<\/p>\n<p>Dati Personali trattati: Dati di utilizzo; Identificativo univoco universale (UUID); Strumento di Tracciamento.<\/p>\n<p>Luogo del trattamento: Irlanda \u2013\u00a0\u00a0<a href=\"https:\/\/policies.google.com\/privacy\" target=\"_blank\" rel=\"noopener noreferrer nofollow\">Privacy Policy<\/a>.<\/p>\n<p><b>Google Analytics (Google Inc.)<\/b><\/p>\n<p>Google Analytics \u00e8 un servizio di analisi web fornito da Google Ireland Limited (\u201cGoogle\u201d). Google utilizza i dati personali raccolti per tracciare ed esaminare l\u2019uso di questo sito web, compilare report sulle sue attivit\u00e0 e condividerli con gli altri servizi sviluppati da Google. Google pu\u00f2 utilizzare i tuoi dati personali per contestualizzare e personalizzare gli annunci del proprio network pubblicitario. Questa integrazione di Google Analytics rende anonimo il tuo indirizzo IP.<\/p>\n<p>Luogo del trattamento: Irlanda \u2013\u00a0\u00a0<a href=\"https:\/\/policies.google.com\/privacy\" target=\"_blank\" rel=\"noopener noreferrer nofollow\">Privacy Policy<\/a>\u00a0\u2013\u00a0<a href=\"https:\/\/tools.google.com\/dlpage\/gaoptout?hl=en\" target=\"_blank\" rel=\"noopener nofollow\">Opt Out<\/a>.<\/p>\n<p><b>Google Fonts (Google Inc.)<\/b><\/p>\n<p>Google Fonts \u00e8 un servizio per visualizzare gli stili dei caratteri di scrittura gestito da\u00a0Google Ireland Limited e serve ad integrare tali contenuti all\u2019interno delle proprie pagine.<\/p>\n<p>Dati Personali che vengono trattati: Dati di utilizzo; Strumento di Tracciamento.<\/p>\n<p>Luogo del trattamento: Irlanda \u2013\u00a0\u00a0<a href=\"https:\/\/policies.google.com\/privacy\" target=\"_blank\" rel=\"noopener noreferrer nofollow\">Privacy Policy<\/a>.<\/p>\n<p><b>Gravatar<\/b><\/p>\n<p>Gravatar \u00e8 un servizio di visualizzazione di immagini gestito da Automattic Inc. che permette a Automattic Inc. di integrare tali contenuti all\u2019interno delle proprie pagine.<\/p>\n<p>Luogo del trattamento: Stati Uniti \u2013\u00a0\u00a0<a href=\"https:\/\/automattic.com\/privacy\/\" target=\"_blank\" rel=\"noopener noreferrer nofollow\">Privacy Policy<\/a>.<\/p>\n<p><strong>LiveChat Widget<\/strong><\/p>\n<p>Il Widget di LiveChat \u00e8 un servizio di interazione con la piattaforma di live chat LiveChat. Questo servizio \u00e8 fornito da LiveChat, Inc.<\/p>\n<p>Dati Personali che vengono trattati: Dati comunicati durante l&#8217;utilizzo del servizio; Dati di utilizzo; Strumento di Tracciamento.<\/p>\n<p>Luogo del trattamento: Stati Uniti \u2013\u00a0\u00a0<a href=\"https:\/\/www.livechatinc.com\/legal\/privacy-policy\/\" target=\"_blank\" rel=\"noopener noreferrer\">Privacy Policy<\/a>.<\/p>\n<p><strong>Matomo Analytycs<\/strong><br \/>\n<p id=\"matomo_opted_out_intro\" style=\"display:none;\">Opt-out complete; your visits to this website will not be recorded by the Web Analytics tool. Note that if you clear your cookies, delete the opt-out cookie, or if you change computers or Web browsers, you will need to perform the opt-out procedure again.<\/p><p id=\"matomo_opted_in_intro\" >You may choose to prevent this website from aggregating and analyzing the actions you take here. Doing so will protect your privacy, but will also prevent the owner from learning from your actions and creating a better experience for you and other users.<\/p><form>\n        <input type=\"checkbox\" id=\"matomo_optout_checkbox\" checked=\"checked\"\/>\n        <label for=\"matomo_optout_checkbox\"><strong>\n        <span id=\"matomo_opted_in_label\" >You are not opted out. Uncheck this box to opt-out.<\/span>\n\t\t<span id=\"matomo_opted_out_label\" style=\"display:none;\">You are currently opted out. Check this box to opt-in.<\/span>\n        <\/strong><\/label><\/form><noscript><p><strong style=\"color: #ff0000;\">This opt out feature requires JavaScript.<\/strong><\/p><\/noscript><p id=\"matomo_outout_err_cookies\" style=\"display: none;\"><strong>The tracking opt-out feature requires cookies to be enabled.<\/strong><\/p><\/p>\n<p><strong>BASE GIURIDICA DEL TRATTAMENTO<\/strong><\/p>\n<p>I dati personali indicati in questa pagina sono trattati dal Titolare nell\u2019esecuzione dei servizi erogati dal sito e successivamente, se previsto dal sito stesso, da obblighi contrattuali o di legge.<\/p>\n<p>Nel caso ci siano apposite sezioni di iscrizioni a newsletter o servizi di marketing saranno gestiti da specifiche informative.<\/p>\n<p><strong>FACOLTATIVITA\u2019 DEL CONFERIMENTO DEI DATI<\/strong><\/p>\n<p>Come previsto dal provvedimento del 10 giugno 2021 \u201cLinee guida cookie e altri strumenti di tracciamento\u201d l\u2019utente del sito \u00e8 libero di autorizzare o non autorizzare i cookie di profilazione secondo la sua liber\u00e0 scelta e volont\u00e0. In alcuni casi, come ad esempio il cookie del reCaptcha di Google il blocco di tale cookie di profilazione impedisce di poter inviare la richiesta tramite i moduli di acquisizione dei dati. Se necessario sar\u00e0 possibile o riabilitare il cookie dalle preferenze privacy o eventualmente se si decidesse di mantenere il blocco dei cookie inviare tale richiesta via mail.<\/p>\n<p>A parte quanto specificato per i dati di navigazione, l\u2019utente \u00e8 libero di fornire i dati personali riportati nei moduli di richiesta presenti sui siti o comunque indicati in contatti con le strutture per sollecitare l\u2019invio della newsletter, di materiale informativo o di altre comunicazioni.<\/p>\n<p>Il loro mancato conferimento pu\u00f2 comportare l\u2019impossibilit\u00e0 di ottenere quanto richiesto.<\/p>\n<p><strong>LEGITTIMO INTERESSE<\/strong><\/p>\n<p>Il titolare non si avvale del legittimo interesse per il trattamento dei dati personali se non per la tutela dei propri diritti.<\/p>\n<p><strong>MODALITA\u2019 DEL TRATTAMENTO<\/strong><\/p>\n<p>I dati personali sono trattati con strumenti automatizzati per il tempo strettamente necessario a conseguire gli scopi per cui sono stati raccolti.<\/p>\n<p>Specifiche misure di sicurezza sono osservate per prevenire la perdita dei dati, usi illeciti o non corretti ed accessi non autorizzati.<\/p>\n<p><strong>DESTINATARI DEI DATI<\/strong><\/p>\n<p>Sono destinatari dei dati raccolti a seguito della consultazione dei siti sopra elencati i seguenti soggetti designati dal Titolare, ai sensi dell\u2019articolo 28 del Regolamento, quali responsabili del trattamento. L\u2019elenco completo dei Responsabili \u00e8 a disposizione presso la sede del Titolare e pu\u00f2 essere richiesto via mail.<\/p>\n<p>I dati personali raccolti sono altres\u00ec trattati dal personale incaricato al trattamento, che agisce sulla base di specifiche istruzioni fornite in ordine a finalit\u00e0 e modalit\u00e0 del trattamento medesimo.<\/p>\n<p><strong>TRASFERIMENTO DEI DATI<\/strong><\/p>\n<p>I dati saranno trasferiti solo all\u2019interno della UE.<br \/>\nAlcune applicazioni come Google Analytics e reCaptcha potrebbero subire trasferimenti extra UE.<\/p>\n<p><strong>PERIODO DI CONSERVAZIONE DEI DATI<\/strong><\/p>\n<p>Il tempo di conservazione delle scelte dell\u2019utente riferito ai cookie \u00e8 di sei mesi come richiesto dal provvedimento.<\/p>\n<p>Il tempo di conservazione dei cookie cambia a secondo della tipologia di appartenenza. Per i cookie di profilazione di terze parti possono essere consultati direttamente le specifiche sui relativi siti.<\/p>\n<p>I dati personali trattati per finalit\u00e0 di contatto o economiche, saranno trattati per i tempi obbligatori previsti dalle leggi di competenza.<\/p>\n<p><strong>DIRITTI DEGLI INTERESSATI EX ART 15 UE 2016\/679<\/strong><\/p>\n<p>Gli interessati hanno il diritto di ottenere dal Titolare, nei casi previsti, l\u2019accesso ai propri dati personali e la rettifica o la cancellazione degli stessi o la limitazione del trattamento che li riguarda o di opporsi al trattamento (artt. 15 e ss. del Regolamento).\u00a0Le richieste vanno inoltrate al Titolare del trattamento ai riferimenti riportati all\u2019inizio della presente informativa.<\/p>\n<p><strong>DIRITTO DI RECLAMO<\/strong><\/p>\n<p>Gli interessati che ritengono che il trattamento dei dati personali a loro riferiti effettuato attraverso questo sito avvenga in violazione di quanto previsto dal Regolamento hanno il diritto di proporre reclamo al Garante, come previsto dall\u2019art. 77 del Regolamento stesso, o di adire le opportune sedi giudiziarie (art. 79 del Regolamento).<\/p>\n","protected":false},"excerpt":{"rendered":"<p>Policy Privacy &amp; Cookie Law per gli utenti che consultano il presente sito web ai sensi dell\u2019articolo 13 del Regolamento (UE) 2016\/679 PERCH\u00c9 QUESTE INFORMAZIONI L\u2019informativa di seguito riportata \u00e8 relativa all\u2019uso dei dati personali e dei\u00a0cookie\u00a0su questo sito web. Per quanto concerne i cookie \u00e8 resa all\u2019utente\/navigatore in attuazione del provvedimento del Garante per [&hellip;]<\/p>\n","protected":false},"author":2,"featured_media":0,"parent":0,"menu_order":0,"comment_status":"closed","ping_status":"closed","template":"","meta":{"footnotes":""},"class_list":["post-5772","page","type-page","status-publish","hentry"],"_links":{"self":[{"href":"https:\/\/ecc-netitalia.it\/it\/wp-json\/wp\/v2\/pages\/5772","targetHints":{"allow":["GET"]}}],"collection":[{"href":"https:\/\/ecc-netitalia.it\/it\/wp-json\/wp\/v2\/pages"}],"about":[{"href":"https:\/\/ecc-netitalia.it\/it\/wp-json\/wp\/v2\/types\/page"}],"author":[{"embeddable":true,"href":"https:\/\/ecc-netitalia.it\/it\/wp-json\/wp\/v2\/users\/2"}],"replies":[{"embeddable":true,"href":"https:\/\/ecc-netitalia.it\/it\/wp-json\/wp\/v2\/comments?post=5772"}],"version-history":[{"count":4,"href":"https:\/\/ecc-netitalia.it\/it\/wp-json\/wp\/v2\/pages\/5772\/revisions"}],"predecessor-version":[{"id":8830,"href":"https:\/\/ecc-netitalia.it\/it\/wp-json\/wp\/v2\/pages\/5772\/revisions\/8830"}],"wp:attachment":[{"href":"https:\/\/ecc-netitalia.it\/it\/wp-json\/wp\/v2\/media?parent=5772"}],"curies":[{"name":"wp","href":"https:\/\/api.w.org\/{rel}","templated":true}]}}