{"id":5774,"date":"2023-12-07T09:29:27","date_gmt":"2023-12-07T08:29:27","guid":{"rendered":"https:\/\/ecc-netitalia.it\/?page_id=5774"},"modified":"2024-06-02T18:26:28","modified_gmt":"2024-06-02T16:26:28","slug":"personal-data-policy","status":"publish","type":"page","link":"https:\/\/ecc-netitalia.it\/it\/personal-data-policy\/","title":{"rendered":"Personal Data Policy"},"content":{"rendered":"<p style=\"text-align: left;\">Indice<\/p>\n<ol>\n<li>Introduzione<\/li>\n<li>Perch\u00e9 trattiamo i vostri dati?<\/li>\n<li>Quali sono i dati che raccogliamo e trattiamo?<\/li>\n<li>Per quanto tempo conserviamo i vostri dati?<\/li>\n<li>In che modo proteggiamo i vostri dati?<\/li>\n<li>Chi ha accesso ai vostri dati e a chi sono comunicati?<\/li>\n<li>Quali sono i vostri diritti e in che modo potete esercitarli?<\/li>\n<li>Contatti<\/li>\n<li>Dove potete trovare maggiori informazioni<\/li>\n<\/ol>\n<ol>\n<li><strong> Introduzione <\/strong><\/li>\n<\/ol>\n<p>La presente informativa in materia di privacy spiega la ragione per cui trattiamo\u00a0 i vostri dati, come raccogliamo, gestiamo e tuteliamo tutte le informazioni personali che ci vengono fornite, come tali informazioni vengono utilizzate e quali diritti potete esercitare\u00a0 in relazione ai vostri dati (il diritto di accesso, modifica, blocco ecc\u2026)<\/p>\n<p>Le istituzioni europee si impegnano a proteggere e rispettare la vostra privacy. \u00a0A questo servizio\/strumento informatico, che raccoglie e tratta i vostri dati personali, \u00e8 applicabile il Regolamento (CE) n. 45\/2001<a id=\"_ftnref1\" href=\"#_ftn1\">[1]<\/a> del Parlamento europeo e del Consiglio del 18 dicembre 2000 concernente la tutela delle persone fisiche in relazione al trattamento dei dati personali da parte delle istituzioni e degli organismi comunitari, nonch\u00e9 la libera circolazione di tali dati.<\/p>\n<p>ECC-Net intende promuovere la fiducia dei consumatori \u00a0fornendo loro consulenza sui propri diritti e facile accesso al ricorso nel caso in cui il consumatore\u00a0 effettua acquisti in un paese\u00a0 diverso dal proprio. I Centri europei dei consumatori forniscono ai consumatori un&#8217;ampia gamma di servizi che vanno dall\u2019informazione sui loro diritti alla consulenza e assistenza in relazione ai reclami transfrontalieri oltre all\u2019informazione sulla risoluzione delle controversie. I Centri forniscono inoltre consulenza sulle procedure per la risoluzione extragiudiziale delle controversie dei consumatori in tutta Europa e agevolano un accesso informato dei consumatori a tali procedure qualora non sia possibile raggiungere direttamente un accordo con il professionista ed esista una procedura stragiudiziale applicabile al caso di specie.<\/p>\n<p>La fruizione dei servizi summenzionati da parte dei cittadini implica l\u2019utilizzo di una piattaforma telematica, ECC-Net 2, attraverso cui si gestiscono i reclami e si acquisiscono \u00a0i dati necessari, compresi i vostri. La piattaforma \u00e8 gestita dalla Commissione europea.<\/p>\n<p>La raccolta e il trattamento dei dati personali suddetti attraverso la piattaforma ECC-Net 2 \u00e8 in linea con le disposizioni del regolamento (CE) n. 45\/2001 del Parlamento europeo e del Consiglio, del 18 dicembre 2000, concernente la tutela delle persone fisiche in relazione al trattamento dei dati personali da parte delle istituzioni e degli organismi comunitari, nonch\u00e9 la libera circolazione di tali dati, in particolare con l&#8217;articolo 5, paragrafo a) e b).<\/p>\n<ol start=\"2\">\n<li><strong> Perch\u00e9 trattiamo i vostri dati?<\/strong><\/li>\n<\/ol>\n<p><span style=\"text-decoration: underline;\">Scopo del trattamento<\/span>: Il capo Unit\u00e0 E.3: Consumer Enforcement and Redress della Commissione Europea, \u00a0Direzione generale della giustizia e dei consumatori (di seguito il Responsabile del trattamento dei dati), raccoglie e utilizza i vostri dati personali coadiuvando\u00a0 l\u2019attivit\u00e0 dei Centri Europei dei Consumatori.<\/p>\n<p>Scopo dalla rete dei Centri Europei dei Consumatori (ECC-net) \u00e8 quello di informare i consumatori sui loro diritti e fornire assistenza \u00a0in caso di reclami e controversie transfrontalieri all\u2019interno dell\u2019UE\/SEE in modo che i consumatori possano beneficiare appieno del mercato unico.<\/p>\n<p>Perch\u00e9 possano svolgere la propria funzione, i Centri Europei dei Consumatori utilizzano la piattaforma ECC-Net 2 per trattare i dati rilevanti nella misura e per il tempo necessari, per uno o pi\u00f9 dei seguenti fini:<\/p>\n<ul>\n<li>per consentire le comunicazioni fra il Centro Europeo dei Consumatori e il consumatore<\/li>\n<li>per rendere agevole l\u2019esame di una richiesta<\/li>\n<li>per tentare di risolvere una controversia sia direttamente con il professionista nei cui confronti si reclama o attraverso un organismo ADR<\/li>\n<li>per consentire ai consumatori di monitorare lo stato di avanzamento dei loro reclami<\/li>\n<li>per fornire statistiche anonime e informazioni su possibili violazioni di legge<\/li>\n<\/ul>\n<p>Maggiori informazioni sull\u2019ECC-Net\u00a0 sono reperibili su: <a href=\"https:\/\/ec.europa.eu\/info\/live-work-travel-eu\/consumers\/resolve-your-consumer-complaint\/european-consumer-centres-network_en\" rel=\"noopener\">https:\/\/ec.europa.eu\/info\/live-work-travel-eu\/consumers\/resolve-your-consumer-complaint\/european-consumer-centres-network_en<\/a><span style=\"text-decoration: underline;\">. <\/span><\/p>\n<p>La piattaforma ECC-Net 2 trae il proprio fondamento giuridico\/legalit\u00e0 nel:<\/p>\n<p>Regolamento (UE) n. 254\/2014 del Parlamento europeo e del Consiglio del 26 febbraio 2014 relativo a un programma pluriennale per la tutela dei consumatori per il periodo 2014-2020 e che abroga la decisione n. 1926\/2006\/CE e, nello specifico, gli articoli 2 e 3(1)(c) e (d) di detto regolamento.<\/p>\n<p>La Direttiva 2006\/123\/CE del Parlamento europeo e del Consiglio del 12\u00a0dicembre 2006 relativa ai servizi nel mercato interno e, in particolare, l\u2019articolo 21.<\/p>\n<p>La Direttiva 2013\/11\/UE del Parlamento europeo e del Consiglio del 21 maggio 2013 sulla risoluzione alternativa delle controversie dei consumatori, che modifica il Regolamento (CE) n. 2006\/2004 e la Direttiva 2009\/22\/CE (Direttiva sull&#8217;ADR per i consumatori) e, in particolare, l\u2019articolo 14 della Direttiva.<\/p>\n<p>Il Regolamento (UE) 2017\/2394 del Parlamento europeo e del Consiglio del 12 dicembre 2017 sulla cooperazione tra le autorit\u00e0 nazionali responsabili dell\u2019esecuzione della normativa che tutela i consumatori e che abroga il regolamento (CE) n. 2006\/2004 e, in particolare, \u00a0l\u2019art. 27(1).<\/p>\n<p>il Regolamento (CE) n. 45\/2001 del Parlamento europeo e del Consiglio del 18 dicembre 2000 concernente la tutela delle persone fisiche in relazione al trattamento dei dati personali da parte delle istituzioni e degli organismi comunitari, nonch\u00e9 la libera circolazione di tali dati.<\/p>\n<p>Visto l\u2019articolo 5 del suddetto Regolamento (CE) 45\/2001, il trattamento dei dati \u00e8 considerato lecito in quanto necessario per ottemperare ai requisiti fissati dalle normative suddette e per garantire alla Commissione l\u2019adempimento delle proprie obbligazioni legali.<\/p>\n<ol start=\"3\">\n<li><strong> Quali sono i dati che raccogliamo e trattiamo?<\/strong><\/li>\n<\/ol>\n<p>Raccogliamo i dati inerenti i seguenti tipi di utenti:<\/p>\n<ul>\n<li>Consumatori dell\u2019Unione Europea, della Norvegia e dell\u2019Islanda che contattano i Centri Europei dei Consumatori per informazioni e assistenza (di seguito <em>Consumatori<\/em>);<\/li>\n<li>I referenti dei professionisti dell\u2019Unione Europea, della Norvegia e dell\u2019Islanda coinvolti in un reclamo o controversia (di seguito <em>Referenti dei professionisti<\/em>);<\/li>\n<li>I referenti degli organismi ADR (di seguito <em>Referenti ADR<\/em>)<\/li>\n<\/ul>\n<p>I dati personali che raccogliamo e trattiamo sono:<\/p>\n<ol style=\"list-style-type: lower-alpha;\">\n<li>In relazione ai consumatori:<\/li>\n<li>i) i dati trattati sono:<\/li>\n<\/ol>\n<ul>\n<li>nome del consumatore\/segnalante;<\/li>\n<li>indirizzo;<\/li>\n<li>codice postale;<\/li>\n<li>paese di residenza;<\/li>\n<li>numero di telefono;<\/li>\n<li>indirizzo email;<\/li>\n<li>genere;<\/li>\n<li>lingua;<\/li>\n<li>sunto\/descrizione della richiesta formulata;<\/li>\n<\/ul>\n<ol style=\"list-style-type: lower-alpha;\">\n<li>ii) se necessari alla gestione del reclamo, potranno essere raccolti ulteriori dati personali, quali le coordinate bancarie, previo consenso.<\/li>\n<li>In relazione ai referenti dei professionisti:<\/li>\n<\/ol>\n<p>Raramente i dati inerenti i referenti di un singolo professionista sono archiviati nel sistema\u00a0 ma, qualora necessario, questi includeranno:<\/p>\n<ul>\n<li>nome del referente del professionista;<\/li>\n<li>indirizzo della sede del professionista;<\/li>\n<li>codice postale;<\/li>\n<li>paese;<\/li>\n<li>numero di telefono;<\/li>\n<li>indirizzo email;<\/li>\n<\/ul>\n<ol style=\"list-style-type: lower-alpha;\">\n<li>In relazione ai referenti ADR:<\/li>\n<\/ol>\n<p>Raramente i dati inerenti i referenti di un organismo ADR sono archiviati nel sistema\u00a0 ma, qualora necessario, questi includeranno:<\/p>\n<ul>\n<li>nome del referente dell\u2019organismo ADR;<\/li>\n<li>indirizzo della sede;<\/li>\n<li>codice postale;<\/li>\n<li>paese;<\/li>\n<li>numero di telefono;<\/li>\n<li>indirizzo email;<\/li>\n<\/ul>\n<ol start=\"4\">\n<li><strong>Per quanto tempo conserviamo i vostri dati?<\/strong><\/li>\n<\/ol>\n<p>I dati personali dei consumatori cos\u00ec come\u00a0 quelli\u00a0 relativi ai referenti dei professionisti e degli organismi ADR saranno \u00a0conservati per tutto il tempo in cui \u00a0la pratica rimarr\u00e0 aperta e per un massimo di un anno dopo la chiusura della stessa. Ci\u00f2 permetter\u00e0 di monitorare eventuali ulteriori sviluppi dopo la chiusura della pratica. \u00a0Una volta decorso tale termine, le informazioni saranno conservate in forma anonima e soltanto per fini statistici.<\/p>\n<ol start=\"5\">\n<li><strong>In che modo proteggiamo i vostri dati?<\/strong><\/li>\n<\/ol>\n<p>Tutti i dati in formato elettronico ( email, documenti, i dati caricati sulla piattaforma ecc\u2026) sono archiviati\u00a0 sul server della Commissione Europea\u00a0 o di terzi incaricati;\u00a0 tale \u00a0trattamento \u00e8 in linea con la Decisione della Commissione europea del 10 Gennaio 2017 <strong>(<\/strong>C\/2016\/8998) sulla sicurezza dei sistemi di comunicazione e informazione \u00a0utilizzati dalla Commissione europea;<\/p>\n<p>I terzi incaricati al trattamento dei vostri dati per conto della Commissione europea\u00a0 sono vincolati da una specifica clausola contrattuale e dagli obblighi di riservatezza scaturenti dalla trasposizione della Direttiva 95\/46\/CE.<\/p>\n<ol start=\"6\">\n<li><strong> Chi ha accesso ai vostri dati e a chi sono comunicati? <\/strong><\/li>\n<\/ol>\n<p><strong>\u00a0<\/strong><\/p>\n<p>Il vostro reclamo potrebbe essere condiviso, per la relativa gestione, previo vostro consenso, con il Centro Europeo dei consumatori del paese in cui ha sede il professionista\u00a0 o, quando appropriato,\u00a0 con le competenti organizzazione come, per esempio, un organismo ADR o l\u2019autorit\u00e0 preposta all\u2019applicazione di una determinata normativa (National Enforcement Body \u2013 NEB).<\/p>\n<p>Quando il vostro reclamo implica la necessit\u00e0 di contattare il professionista, i vostri dati potrebbero essere condivisi anche con quest\u2019ultimo laddove sia necessario per risolvere la controversia.<\/p>\n<p>Ai vostri dati accede\u00a0 il personale autorizzato\u00a0 secondo il principio della \u201cnecessit\u00e0 di sapere\u201d.\u00a0 Il personale rispetter\u00e0 le norme di legge e, quando necessario,\u00a0 ulteriori accordi di riservatezza.<\/p>\n<p>Il personale autorizzato \u00e8 costituito dai consulenti che gestiscono i reclami all\u2019interno dei Centri Europei dei Consumatori e dal personale della Commissione Europea\u00a0 responsabile della gestione della piattaforma ECC-Net 2.<\/p>\n<p>La Norvegia e l\u2019Islanda\u00a0 fanno parte dell\u2019 Associazione Europea di Libero Scambio (EFTA) e dello Spazio\u00a0Economico\u00a0Europeo (SEE)\u00a0 e sono membri della rete dei Centri Europei dei Consumatori. Il trasferimento dei dati tra i Centri Europei dei Consumatori\u00a0 dell\u2019UE e il Centro Europeo dei Consumatori della Norvegia o dell\u2019Islanda \u00e8 effettuato ai sensi dell\u2019art. 8 del Regolamento n. 45\/2001.<\/p>\n<p><strong>\u00a0<\/strong><\/p>\n<p><strong>7.Quali sono i vostri diritti e in che modo potete esercitarli?<\/strong><\/p>\n<p>Ai sensi del Regolamento (CE) n. 45\/2001, avete il diritto di accedere ai vostri dati personali e di rettificarli e\/o bloccarli nel caso in cui siano inesatti o incompleti. Potete esercitare i vostri diritti sia contattando il Centro Europeo dei Consumatori\u00a0 con cui siete in contatto sia il Responsabile\u00a0 del trattamento dei dati o, in caso di controversia, il Responsabile della protezione dei dati della Commissione e, se necessario, il Garante europeo della protezione dei dati\u00a0 utilizzando i recapiti forniti al successivo punto 8.<\/p>\n<ol start=\"8\">\n<li><strong> Contatti<\/strong><\/li>\n<\/ol>\n<p><strong>\u00a0\u00a0\u00a0\u00a0\u00a0\u00a0\u00a0\u00a0\u00a0\u00a0\u00a0\u00a0\u00a0\u00a0 <\/strong><\/p>\n<p>Se avete domande o lamentele \u00a0in relazione alla raccolta e l\u2019uso dei vostri dati personali,\u00a0 potete contattare il Centro Europeo dei Consumatori\u00a0 con cui siete in contatto o il responsabile\u00a0 del trattamento ai seguenti recapiti:<\/p>\n<p>Centro Europeo Consumatori Italia<\/p>\n<p>Email: <a href=\"mailto:info@ecc-netitalia.it\">info@ecc-netitalia.it<\/a><\/p>\n<p>Tel.: +39 0644238090<\/p>\n<p>Fax: +39 0644170185<\/p>\n<p>Il Responsabile del trattamento<\/p>\n<p>Capo dell\u2019Unit\u00e0 E. 3 : Consumer Enforcement and Redress<\/p>\n<p>Direzione generale della giustizia e dei consumatori<\/p>\n<p>Commissione Europea<\/p>\n<p>email:<a href=\"mailto:JUST-E3@ec.europa.eu\">JUST-E3@ec.europa.eu<\/a><\/p>\n<p>fax: +32 2 2989432<\/p>\n<p>Il Responsabile della protezione dei dati della Commissione: : <a href=\"mailto:DATA-PROTECTION-OFFICER@ec.europa.eu\">DATA-PROTECTION-OFFICER@ec.europa.eu<\/a><\/p>\n<p>Il Garante europeo della protezione dei dati (EDPS): <a href=\"mailto:edps@edps.europa.eu\">edps@edps.europa.eu<\/a><\/p>\n<ol start=\"9\">\n<li><strong> Dove potete trovare maggiori informazioni<\/strong><\/li>\n<\/ol>\n<p>Il Responsabile del trattamento dei dati della Commissione ha l\u2019obbligo di tenere un\u00a0<a href=\"http:\/\/ec.europa.eu\/dpo-register\/search.htm\" rel=\"noopener\">registro<\/a>\u00a0di tutte le operazioni di trattamento dei dati personali svolte dalla Commissione. Potete accedere al registro attraverso il seguente link: <a href=\"http:\/\/ec.europa.eu\/dpo-register\" rel=\"noopener\">http:\/\/ec.europa.eu\/dpo-register<\/a><span style=\"text-decoration: underline;\">.<\/span><\/p>\n<p>Questo specifico trattamento \u00e8 stato notificato al\u00a0 Responsabile del trattamento dei dati della Commissione con il seguente numero di protocollo: DPO-3984.1.<\/p>\n<p><a id=\"_ftn1\" href=\"#_ftnref1\">[1]<\/a> <a href=\"http:\/\/eur-lex.europa.eu\/LexUriServ\/LexUriServ.do?uri=CELEX:32001R0045:it:HTML\" rel=\"noopener\">Regolamento (CE) N\u00b0 45\/2001<\/a> (GU L8 del 12\/01\/2001)<\/p>\n","protected":false},"excerpt":{"rendered":"<p>Indice Introduzione Perch\u00e9 trattiamo i vostri dati? Quali sono i dati che raccogliamo e trattiamo? Per quanto tempo conserviamo i vostri dati? In che modo proteggiamo i vostri dati? Chi ha accesso ai vostri dati e a chi sono comunicati? Quali sono i vostri diritti e in che modo potete esercitarli? Contatti Dove potete trovare [&hellip;]<\/p>\n","protected":false},"author":2,"featured_media":0,"parent":0,"menu_order":0,"comment_status":"closed","ping_status":"closed","template":"","meta":{"footnotes":""},"class_list":["post-5774","page","type-page","status-publish","hentry"],"_links":{"self":[{"href":"https:\/\/ecc-netitalia.it\/it\/wp-json\/wp\/v2\/pages\/5774","targetHints":{"allow":["GET"]}}],"collection":[{"href":"https:\/\/ecc-netitalia.it\/it\/wp-json\/wp\/v2\/pages"}],"about":[{"href":"https:\/\/ecc-netitalia.it\/it\/wp-json\/wp\/v2\/types\/page"}],"author":[{"embeddable":true,"href":"https:\/\/ecc-netitalia.it\/it\/wp-json\/wp\/v2\/users\/2"}],"replies":[{"embeddable":true,"href":"https:\/\/ecc-netitalia.it\/it\/wp-json\/wp\/v2\/comments?post=5774"}],"version-history":[{"count":5,"href":"https:\/\/ecc-netitalia.it\/it\/wp-json\/wp\/v2\/pages\/5774\/revisions"}],"predecessor-version":[{"id":8827,"href":"https:\/\/ecc-netitalia.it\/it\/wp-json\/wp\/v2\/pages\/5774\/revisions\/8827"}],"wp:attachment":[{"href":"https:\/\/ecc-netitalia.it\/it\/wp-json\/wp\/v2\/media?parent=5774"}],"curies":[{"name":"wp","href":"https:\/\/api.w.org\/{rel}","templated":true}]}}