{"id":9167,"date":"2024-12-18T17:24:49","date_gmt":"2024-12-18T16:24:49","guid":{"rendered":"https:\/\/ecc-netitalia.it\/?page_id=9167"},"modified":"2025-01-30T16:09:14","modified_gmt":"2025-01-30T15:09:14","slug":"guida-giubileo-2025-introduzione-al-giubileo-2025","status":"publish","type":"page","link":"https:\/\/ecc-netitalia.it\/it\/guida-giubileo-2025-introduzione-al-giubileo-2025\/","title":{"rendered":"Guida Giubileo 2025 &#8211; Introduzione al Giubileo 2025"},"content":{"rendered":"\t\t<div data-elementor-type=\"wp-page\" data-elementor-id=\"9167\" class=\"elementor elementor-9167\" data-elementor-settings=\"{&quot;ha_cmc_init_switcher&quot;:&quot;no&quot;}\" data-elementor-post-type=\"page\">\n\t\t\t\t<div class=\"elementor-element elementor-element-2f8d2b4 e-flex e-con-boxed e-con e-parent\" data-id=\"2f8d2b4\" data-element_type=\"container\" data-e-type=\"container\" data-settings=\"{&quot;background_background&quot;:&quot;classic&quot;,&quot;_ha_eqh_enable&quot;:false}\">\n\t\t\t\t\t<div class=\"e-con-inner\">\n\t\t<div class=\"elementor-element elementor-element-1c6186d e-con-full e-flex e-con e-child\" data-id=\"1c6186d\" data-element_type=\"container\" data-e-type=\"container\" data-settings=\"{&quot;_ha_eqh_enable&quot;:false}\">\n\t\t\t\t<div class=\"elementor-element elementor-element-98f9cf5 elementor-widget__width-auto ha-has-bg-overlay elementor-widget elementor-widget-ha-breadcrumbs happy-addon ha-breadcrumbs happy-addon-pro\" data-id=\"98f9cf5\" data-element_type=\"widget\" data-e-type=\"widget\" data-widget_type=\"ha-breadcrumbs.default\">\n\t\t\t\t<div class=\"elementor-widget-container\">\n\t\t\t\t\t<ul class=\"ha-breadcrumbs\"><li class=\"ha-breadcrumbs-item ha-breadcrumbs-start\"><a href=\"https:\/\/ecc-netitalia.it\/it\/\" rel=\"home\"><span class=\"ha-breadcrumbs-text\">Home<\/span><\/a><\/li><\/ul>\t\t\t\t<\/div>\n\t\t\t\t<\/div>\n\t\t\t\t<div class=\"elementor-element elementor-element-775c639 elementor-widget elementor-widget-text-editor\" data-id=\"775c639\" data-element_type=\"widget\" data-e-type=\"widget\" data-widget_type=\"text-editor.default\">\n\t\t\t\t<div class=\"elementor-widget-container\">\n\t\t\t\t\t\t\t\t\t<p>Consulenza ed assistenza per i consumatori in Europa<\/p>\t\t\t\t\t\t\t\t<\/div>\n\t\t\t\t<\/div>\n\t\t\t\t<\/div>\n\t\t\t\t\t<\/div>\n\t\t\t\t<\/div>\n\t\t<div class=\"elementor-element elementor-element-21be859 e-flex e-con-boxed e-con e-parent\" data-id=\"21be859\" data-element_type=\"container\" data-e-type=\"container\" data-settings=\"{&quot;_ha_eqh_enable&quot;:false}\">\n\t\t\t\t\t<div class=\"e-con-inner\">\n\t\t\t\t<div class=\"elementor-element elementor-element-c62b4e8 elementor-widget elementor-widget-text-editor\" data-id=\"c62b4e8\" data-element_type=\"widget\" data-e-type=\"widget\" data-widget_type=\"text-editor.default\">\n\t\t\t\t<div class=\"elementor-widget-container\">\n\t\t\t\t\t\t\t\t\t<p>Il Giubileo 2025 sar\u00e0 un momento di profonda fede e rinnovamento spirituale, attirando milioni di pellegrini e visitatori da ogni parte del mondo. L&#8217;evento unir\u00e0 celebrazioni religiose, pellegrinaggi e momenti di riflessione a un ricco programma culturale che intreccia spiritualit\u00e0 e arte. In questa sezione troverai informazioni sui principali luoghi sacri, sugli itinerari consigliati, sugli eventi e sul calendario ufficiale per vivere al meglio questa straordinaria esperienza<strong>.<\/strong><\/p><p>Il Giubileo rappresenta un anno dedicato alla remissione dei peccati, alla riconciliazione, alla conversione e alla penitenza sacramentale, offrendo ai fedeli un&#8217;opportunit\u00e0 di rinnovamento spirituale e interiore. Il Giubileo del 2025 &#8211; indetto da Papa Francesco &#8211; porta il tema &#8220;Pellegrini di Speranza&#8221; e si propone di accogliere non solo i credenti, ma chiunque desideri intraprendere un cammino di riscoperta spirituale e di speranza. Per un anno intero, Roma sar\u00e0 il cuore di celebrazioni e incontri, offrendo a milioni di pellegrini e viaggiatori l&#8217;opportunit\u00e0 di partecipare a momenti di preghiera, liturgie e itinerari sacri.<\/p><p>Parallelamente ai riti religiosi, la citt\u00e0 offrir\u00e0 un programma culturale ricco di mostre, concerti e altri eventi, offrendo ai pellegrini un\u2019esperienza che unisce spiritualit\u00e0 e cultura. Per dettagli sulle iniziative, modalit\u00e0 di partecipazione e registrazione agli eventi principali, visita il <a href=\"https:\/\/www.iubilaeum2025.va\/it.html\" rel=\"noopener\"><strong>sito ufficiale del Giubileo 2025<\/strong><\/a>.<\/p><p>Il Giubileo 2025 si aprir\u00e0 ufficialmente il 24 dicembre 2024 con una solenne Messa presieduta da Papa Francesco nella Basilica di San Pietro. Questo evento dar\u00e0 inizio a un anno ricco di celebrazioni, liturgie e pellegrinaggi, che si concluder\u00e0 il 6 gennaio 2026 con la chiusura della Porta Santa. Durante l\u2019anno giubilare, sono previsti eventi tematici dedicati a vari gruppi. Per il <a href=\"https:\/\/www.iubilaeum2025.va\/it\/calendario\/calendario-generale.html\" rel=\"noopener\"><strong>calendario dettagliato degli eventi, gli aggiornamenti in tempo reale<\/strong><\/a> e l\u2019iscrizione consultare il sito ufficiale del Giubileo 2025.<\/p><p>\u00c8 stato istituito anche un <a href=\"https:\/\/www.iubilaeum2025.va\/it\/pellegrinaggio\/centro-accoglienza-pellegrini.html\" rel=\"noopener\"><strong>Centro Pellegrini \u2013 Info Point<\/strong><\/a>, un punto di riferimento per pellegrini e viaggiatori che desiderano informazioni aggiornate sul Giubileo 2025. Il Centro Pellegrini \u00e8 situato in Via della Conciliazione, 7, ed \u00e8 aperto tutti i giorni, dal luned\u00ec alla domenica, dalle ore 10.00 alle ore 17.00. Qui \u00e8 possibile ricevere assistenza per le modalit\u00e0 di partecipazione al pellegrinaggio alla Porta Santa e agli eventi correlati, nonch\u00e9 informazioni sui servizi di volontariato.<\/p><p><strong>Luoghi e itinerari sacri<\/strong><\/p><p>Roma sar\u00e0 il fulcro delle celebrazioni giubilari, pronta ad accogliere milioni di pellegrini nei suoi luoghi pi\u00f9 sacri. Tra le mete principali spiccano le quattro Basiliche Papali: San Pietro, San Giovanni in Laterano, Santa Maria Maggiore e San Paolo fuori le Mura, luoghi intrisi di spiritualit\u00e0 e storia, dove si svolgeranno numerosi eventi e liturgie solenni.<\/p><p>Un itinerario tradizionale \u00e8 il \u201cPercorso delle Sette Chiese\u201d che comprende, oltre alle Basiliche Papali, anche la visita a chiese di grande rilevanza come San Sebastiano e Santa Croce in Gerusalemme.<\/p><p>Per maggiori dettagli sui\u00a0<strong>percorsi giubilari all\u2019interno di Roma<\/strong>, \u00e8 possibile consultare la\u00a0<a href=\"https:\/\/www.iubilaeum2025.va\/it\/pellegrinaggio\/cammini-giubilari-dentro-roma.html\" target=\"_blank\" rel=\"nofollow noopener\">pagina web del sito ufficiale<\/a>. Inoltre, per approfondire\u00a0<strong>informazioni sulle chiese giubilari<\/strong>, visitare la\u00a0<a href=\"https:\/\/www.iubilaeum2025.va\/it\/pellegrinaggio\/le-chiese-giubilari.html\" target=\"_blank\" rel=\"nofollow noopener\">pagina web dedicata<\/a>.<\/p>\t\t\t\t\t\t\t\t<\/div>\n\t\t\t\t<\/div>\n\t\t\t\t<div class=\"elementor-element elementor-element-07e6b65 elementor-widget elementor-widget-text-editor\" data-id=\"07e6b65\" data-element_type=\"widget\" data-e-type=\"widget\" data-widget_type=\"text-editor.default\">\n\t\t\t\t<div class=\"elementor-widget-container\">\n\t\t\t\t\t\t\t\t\t<p>Per garantire un soggiorno sicuro e sereno, \u00e8 fondamentale essere informati sull&#8217;accesso ai servizi sanitari, sulle misure di sicurezza e sulle precauzioni da adottare. In questa sezione trovi informazioni utili per affrontare eventuali emergenze mediche, proteggerti da problematiche legate alla sicurezza e accedere a supporti istituzionali.<\/p>\t\t\t\t\t\t\t\t<\/div>\n\t\t\t\t<\/div>\n\t\t\t\t<div class=\"elementor-element elementor-element-512b35c elementor-widget elementor-widget-text-editor\" data-id=\"512b35c\" data-element_type=\"widget\" data-e-type=\"widget\" data-widget_type=\"text-editor.default\">\n\t\t\t\t<div class=\"elementor-widget-container\">\n\t\t\t\t\t\t\t\t\t<p><strong>Per ulteriori risorse e aggiornamenti sugli eventi e sulle celebrazioni, si consiglia di consultare il <a href=\"https:\/\/www.vatican.va\/content\/vatican\/it.html\" target=\"_blank\" rel=\"noopener\">sito ufficiale della Santa Sede<\/a><\/strong><\/p>\t\t\t\t\t\t\t\t<\/div>\n\t\t\t\t<\/div>\n\t\t\t\t\t<\/div>\n\t\t\t\t<\/div>\n\t\t<div class=\"elementor-element elementor-element-2a36219 e-flex e-con-boxed e-con e-parent\" data-id=\"2a36219\" data-element_type=\"container\" data-e-type=\"container\" data-settings=\"{&quot;_ha_eqh_enable&quot;:false}\">\n\t\t\t\t\t<div class=\"e-con-inner\">\n\t\t\t\t<div class=\"elementor-element elementor-element-ab3335d elementor-widget__width-inherit elementor-widget elementor-widget-text-editor\" data-id=\"ab3335d\" data-element_type=\"widget\" data-e-type=\"widget\" data-widget_type=\"text-editor.default\">\n\t\t\t\t<div class=\"elementor-widget-container\">\n\t\t\t\t\t\t\t\t\t<p>Indice&nbsp;<\/p>\t\t\t\t\t\t\t\t<\/div>\n\t\t\t\t<\/div>\n\t\t\t\t<div class=\"elementor-element elementor-element-0f64bf1 elementor-icon-list--layout-traditional elementor-list-item-link-full_width elementor-widget elementor-widget-icon-list\" data-id=\"0f64bf1\" data-element_type=\"widget\" data-e-type=\"widget\" data-widget_type=\"icon-list.default\">\n\t\t\t\t<div class=\"elementor-widget-container\">\n\t\t\t\t\t\t\t<ul class=\"elementor-icon-list-items\">\n\t\t\t\t\t\t\t<li class=\"elementor-icon-list-item\">\n\t\t\t\t\t\t\t\t\t\t\t<a href=\"https:\/\/ecc-netitalia.it\/it\/guida-giubileo-2025\/\">\n\n\t\t\t\t\t\t\t\t\t\t\t\t<span class=\"elementor-icon-list-icon\">\n\t\t\t\t\t\t\t<i aria-hidden=\"true\" class=\"huge huge-document-validation\"><\/i>\t\t\t\t\t\t<\/span>\n\t\t\t\t\t\t\t\t\t\t<span class=\"elementor-icon-list-text\">Guida al Giubileo 2025<\/span>\n\t\t\t\t\t\t\t\t\t\t\t<\/a>\n\t\t\t\t\t\t\t\t\t<\/li>\n\t\t\t\t\t\t\t\t<li class=\"elementor-icon-list-item\">\n\t\t\t\t\t\t\t\t\t\t\t<a href=\"https:\/\/ecc-netitalia.it\/it\/guida-giubileo-2025-introduzione-al-giubileo-2025\/\">\n\n\t\t\t\t\t\t\t\t\t\t\t\t<span class=\"elementor-icon-list-icon\">\n\t\t\t\t\t\t\t<i aria-hidden=\"true\" class=\"huge huge-document-validation\"><\/i>\t\t\t\t\t\t<\/span>\n\t\t\t\t\t\t\t\t\t\t<span class=\"elementor-icon-list-text\">Introduzione al Giubileo 2025<\/span>\n\t\t\t\t\t\t\t\t\t\t\t<\/a>\n\t\t\t\t\t\t\t\t\t<\/li>\n\t\t\t\t\t\t\t\t<li class=\"elementor-icon-list-item\">\n\t\t\t\t\t\t\t\t\t\t\t<a href=\"https:\/\/ecc-netitalia.it\/it\/guida-giubileo-2025-trasporto\/\">\n\n\t\t\t\t\t\t\t\t\t\t\t\t<span class=\"elementor-icon-list-icon\">\n\t\t\t\t\t\t\t<i aria-hidden=\"true\" class=\"huge huge-document-validation\"><\/i>\t\t\t\t\t\t<\/span>\n\t\t\t\t\t\t\t\t\t\t<span class=\"elementor-icon-list-text\">Trasporto<\/span>\n\t\t\t\t\t\t\t\t\t\t\t<\/a>\n\t\t\t\t\t\t\t\t\t<\/li>\n\t\t\t\t\t\t\t\t<li class=\"elementor-icon-list-item\">\n\t\t\t\t\t\t\t\t\t\t\t<a href=\"https:\/\/ecc-netitalia.it\/it\/guida-giubileo-2025-pacchetti-turistici\/\">\n\n\t\t\t\t\t\t\t\t\t\t\t\t<span class=\"elementor-icon-list-icon\">\n\t\t\t\t\t\t\t<i aria-hidden=\"true\" class=\"huge huge-document-validation\"><\/i>\t\t\t\t\t\t<\/span>\n\t\t\t\t\t\t\t\t\t\t<span class=\"elementor-icon-list-text\">Pacchetti turistici<\/span>\n\t\t\t\t\t\t\t\t\t\t\t<\/a>\n\t\t\t\t\t\t\t\t\t<\/li>\n\t\t\t\t\t\t\t\t<li class=\"elementor-icon-list-item\">\n\t\t\t\t\t\t\t\t\t\t\t<a href=\"https:\/\/ecc-netitalia.it\/it\/guida-giubileo-2025-alloggio\/\">\n\n\t\t\t\t\t\t\t\t\t\t\t\t<span class=\"elementor-icon-list-icon\">\n\t\t\t\t\t\t\t<i aria-hidden=\"true\" class=\"huge huge-document-validation\"><\/i>\t\t\t\t\t\t<\/span>\n\t\t\t\t\t\t\t\t\t\t<span class=\"elementor-icon-list-text\">Alloggio<\/span>\n\t\t\t\t\t\t\t\t\t\t\t<\/a>\n\t\t\t\t\t\t\t\t\t<\/li>\n\t\t\t\t\t\t\t\t<li class=\"elementor-icon-list-item\">\n\t\t\t\t\t\t\t\t\t\t\t<a href=\"https:\/\/ecc-netitalia.it\/it\/guida-giubileo-2025-acquisti\/\">\n\n\t\t\t\t\t\t\t\t\t\t\t\t<span class=\"elementor-icon-list-icon\">\n\t\t\t\t\t\t\t<i aria-hidden=\"true\" class=\"huge huge-document-validation\"><\/i>\t\t\t\t\t\t<\/span>\n\t\t\t\t\t\t\t\t\t\t<span class=\"elementor-icon-list-text\">Acquisti<\/span>\n\t\t\t\t\t\t\t\t\t\t\t<\/a>\n\t\t\t\t\t\t\t\t\t<\/li>\n\t\t\t\t\t\t\t\t<li class=\"elementor-icon-list-item\">\n\t\t\t\t\t\t\t\t\t\t\t<a href=\"https:\/\/ecc-netitalia.it\/it\/guida-giubileo-2025-salute-e-sicurezza\/\">\n\n\t\t\t\t\t\t\t\t\t\t\t\t<span class=\"elementor-icon-list-icon\">\n\t\t\t\t\t\t\t<i aria-hidden=\"true\" class=\"huge huge-document-validation\"><\/i>\t\t\t\t\t\t<\/span>\n\t\t\t\t\t\t\t\t\t\t<span class=\"elementor-icon-list-text\">Salute e sicurezza<\/span>\n\t\t\t\t\t\t\t\t\t\t\t<\/a>\n\t\t\t\t\t\t\t\t\t<\/li>\n\t\t\t\t\t\t\t\t<li class=\"elementor-icon-list-item\">\n\t\t\t\t\t\t\t\t\t\t\t<a href=\"https:\/\/ecc-netitalia.it\/it\/guida-giubileo-2025-comunicazioni-e-internet\/\">\n\n\t\t\t\t\t\t\t\t\t\t\t\t<span class=\"elementor-icon-list-icon\">\n\t\t\t\t\t\t\t<i aria-hidden=\"true\" class=\"huge huge-document-validation\"><\/i>\t\t\t\t\t\t<\/span>\n\t\t\t\t\t\t\t\t\t\t<span class=\"elementor-icon-list-text\">Comunicazioni e Internet<\/span>\n\t\t\t\t\t\t\t\t\t\t\t<\/a>\n\t\t\t\t\t\t\t\t\t<\/li>\n\t\t\t\t\t\t\t\t<li class=\"elementor-icon-list-item\">\n\t\t\t\t\t\t\t\t\t\t\t<a href=\"https:\/\/ecc-netitalia.it\/it\/guida-giubileo-2025-altre-utili-informazioni\/\">\n\n\t\t\t\t\t\t\t\t\t\t\t\t<span class=\"elementor-icon-list-icon\">\n\t\t\t\t\t\t\t<i aria-hidden=\"true\" class=\"huge huge-document-validation\"><\/i>\t\t\t\t\t\t<\/span>\n\t\t\t\t\t\t\t\t\t\t<span class=\"elementor-icon-list-text\">Altre utili informazioni<\/span>\n\t\t\t\t\t\t\t\t\t\t\t<\/a>\n\t\t\t\t\t\t\t\t\t<\/li>\n\t\t\t\t\t\t<\/ul>\n\t\t\t\t\t\t<\/div>\n\t\t\t\t<\/div>\n\t\t\t\t\t<\/div>\n\t\t\t\t<\/div>\n\t\t\t\t<\/div>\n\t\t","protected":false},"excerpt":{"rendered":"<p>Home Consulenza ed assistenza per i consumatori in Europa Il Giubileo 2025 sar\u00e0 un momento di profonda fede e rinnovamento spirituale, attirando milioni di pellegrini e visitatori da ogni parte del mondo. L&#8217;evento unir\u00e0 celebrazioni religiose, pellegrinaggi e momenti di riflessione a un ricco programma culturale che intreccia spiritualit\u00e0 e arte. In questa sezione troverai [&hellip;]<\/p>\n","protected":false},"author":1,"featured_media":0,"parent":0,"menu_order":0,"comment_status":"closed","ping_status":"closed","template":"","meta":{"footnotes":""},"class_list":["post-9167","page","type-page","status-publish","hentry"],"_links":{"self":[{"href":"https:\/\/ecc-netitalia.it\/it\/wp-json\/wp\/v2\/pages\/9167","targetHints":{"allow":["GET"]}}],"collection":[{"href":"https:\/\/ecc-netitalia.it\/it\/wp-json\/wp\/v2\/pages"}],"about":[{"href":"https:\/\/ecc-netitalia.it\/it\/wp-json\/wp\/v2\/types\/page"}],"author":[{"embeddable":true,"href":"https:\/\/ecc-netitalia.it\/it\/wp-json\/wp\/v2\/users\/1"}],"replies":[{"embeddable":true,"href":"https:\/\/ecc-netitalia.it\/it\/wp-json\/wp\/v2\/comments?post=9167"}],"version-history":[{"count":5,"href":"https:\/\/ecc-netitalia.it\/it\/wp-json\/wp\/v2\/pages\/9167\/revisions"}],"predecessor-version":[{"id":9809,"href":"https:\/\/ecc-netitalia.it\/it\/wp-json\/wp\/v2\/pages\/9167\/revisions\/9809"}],"wp:attachment":[{"href":"https:\/\/ecc-netitalia.it\/it\/wp-json\/wp\/v2\/media?parent=9167"}],"curies":[{"name":"wp","href":"https:\/\/api.w.org\/{rel}","templated":true}]}}