{"id":9331,"date":"2025-01-15T17:04:58","date_gmt":"2025-01-15T16:04:58","guid":{"rendered":"https:\/\/ecc-netitalia.it\/?page_id=9331"},"modified":"2025-01-30T16:05:49","modified_gmt":"2025-01-30T15:05:49","slug":"guida-giubileo-2025-salute-e-sicurezza","status":"publish","type":"page","link":"https:\/\/ecc-netitalia.it\/it\/guida-giubileo-2025-salute-e-sicurezza\/","title":{"rendered":"Guida Giubileo 2025 &#8211; Salute e sicurezza"},"content":{"rendered":"\t\t<div data-elementor-type=\"wp-page\" data-elementor-id=\"9331\" class=\"elementor elementor-9331\" data-elementor-settings=\"{&quot;ha_cmc_init_switcher&quot;:&quot;no&quot;}\" data-elementor-post-type=\"page\">\n\t\t\t\t<div class=\"elementor-element elementor-element-2f8d2b4 e-flex e-con-boxed e-con e-parent\" data-id=\"2f8d2b4\" data-element_type=\"container\" data-e-type=\"container\" data-settings=\"{&quot;background_background&quot;:&quot;classic&quot;,&quot;_ha_eqh_enable&quot;:false}\">\n\t\t\t\t\t<div class=\"e-con-inner\">\n\t\t<div class=\"elementor-element elementor-element-1c6186d e-con-full e-flex e-con e-child\" data-id=\"1c6186d\" data-element_type=\"container\" data-e-type=\"container\" data-settings=\"{&quot;_ha_eqh_enable&quot;:false}\">\n\t\t\t\t<div class=\"elementor-element elementor-element-98f9cf5 elementor-widget__width-auto ha-has-bg-overlay elementor-widget elementor-widget-ha-breadcrumbs happy-addon ha-breadcrumbs happy-addon-pro\" data-id=\"98f9cf5\" data-element_type=\"widget\" data-e-type=\"widget\" data-widget_type=\"ha-breadcrumbs.default\">\n\t\t\t\t<div class=\"elementor-widget-container\">\n\t\t\t\t\t<ul class=\"ha-breadcrumbs\"><li class=\"ha-breadcrumbs-item ha-breadcrumbs-start\"><a href=\"https:\/\/ecc-netitalia.it\/it\/\" rel=\"home\"><span class=\"ha-breadcrumbs-text\">Home<\/span><\/a><\/li><\/ul>\t\t\t\t<\/div>\n\t\t\t\t<\/div>\n\t\t\t\t<div class=\"elementor-element elementor-element-775c639 elementor-widget elementor-widget-text-editor\" data-id=\"775c639\" data-element_type=\"widget\" data-e-type=\"widget\" data-widget_type=\"text-editor.default\">\n\t\t\t\t<div class=\"elementor-widget-container\">\n\t\t\t\t\t\t\t\t\t<p>Consulenza ed assistenza per i consumatori in Europa<\/p>\t\t\t\t\t\t\t\t<\/div>\n\t\t\t\t<\/div>\n\t\t\t\t<\/div>\n\t\t\t\t\t<\/div>\n\t\t\t\t<\/div>\n\t\t<div class=\"elementor-element elementor-element-21be859 e-flex e-con-boxed e-con e-parent\" data-id=\"21be859\" data-element_type=\"container\" data-e-type=\"container\" data-settings=\"{&quot;background_background&quot;:&quot;classic&quot;,&quot;_ha_eqh_enable&quot;:false}\">\n\t\t\t\t\t<div class=\"e-con-inner\">\n\t\t\t\t<div class=\"elementor-element elementor-element-c62b4e8 elementor-widget elementor-widget-text-editor\" data-id=\"c62b4e8\" data-element_type=\"widget\" data-e-type=\"widget\" data-widget_type=\"text-editor.default\">\n\t\t\t\t<div class=\"elementor-widget-container\">\n\t\t\t\t\t\t\t\t\t<p>Per garantire un soggiorno sicuro e sereno, \u00e8 fondamentale essere informati sull&#8217;accesso ai servizi sanitari, sulle misure di sicurezza e sulle precauzioni da adottare. In questa sezione trovi informazioni utili per affrontare eventuali emergenze mediche, proteggerti da problematiche legate alla sicurezza e accedere a supporti istituzionali.<\/p>\t\t\t\t\t\t\t\t<\/div>\n\t\t\t\t<\/div>\n\t\t\t\t<div class=\"elementor-element elementor-element-cde6fbf elementor-widget elementor-widget-toggle\" data-id=\"cde6fbf\" data-element_type=\"widget\" data-e-type=\"widget\" data-widget_type=\"toggle.default\">\n\t\t\t\t<div class=\"elementor-widget-container\">\n\t\t\t\t\t\t\t<div class=\"elementor-toggle\">\n\t\t\t\t\t\t\t<div class=\"elementor-toggle-item\">\n\t\t\t\t\t<h3 id=\"elementor-tab-title-2151\" class=\"elementor-tab-title\" data-tab=\"1\" role=\"button\" aria-controls=\"elementor-tab-content-2151\" aria-expanded=\"false\">\n\t\t\t\t\t\t\t\t\t\t\t\t<span class=\"elementor-toggle-icon elementor-toggle-icon-left\" aria-hidden=\"true\">\n\t\t\t\t\t\t\t\t\t\t\t\t\t\t\t<span class=\"elementor-toggle-icon-closed\"><svg class=\"e-font-icon-svg e-fas-caret-right\" viewBox=\"0 0 192 512\" xmlns=\"http:\/\/www.w3.org\/2000\/svg\"><path d=\"M0 384.662V127.338c0-17.818 21.543-26.741 34.142-14.142l128.662 128.662c7.81 7.81 7.81 20.474 0 28.284L34.142 398.804C21.543 411.404 0 402.48 0 384.662z\"><\/path><\/svg><\/span>\n\t\t\t\t\t\t\t\t<span class=\"elementor-toggle-icon-opened\"><svg class=\"elementor-toggle-icon-opened e-font-icon-svg e-fas-caret-up\" viewBox=\"0 0 320 512\" xmlns=\"http:\/\/www.w3.org\/2000\/svg\"><path d=\"M288.662 352H31.338c-17.818 0-26.741-21.543-14.142-34.142l128.662-128.662c7.81-7.81 20.474-7.81 28.284 0l128.662 128.662c12.6 12.599 3.676 34.142-14.142 34.142z\"><\/path><\/svg><\/span>\n\t\t\t\t\t\t\t\t\t\t\t\t\t<\/span>\n\t\t\t\t\t\t\t\t\t\t\t\t<a class=\"elementor-toggle-title\" tabindex=\"0\">Accesso a cure mediche <\/a>\n\t\t\t\t\t<\/h3>\n\n\t\t\t\t\t<div id=\"elementor-tab-content-2151\" class=\"elementor-tab-content elementor-clearfix\" data-tab=\"1\" role=\"region\" aria-labelledby=\"elementor-tab-title-2151\"><p>In caso di emergenza medica durante il tuo soggiorno a Roma, puoi contare su alcuni dei principali ospedali della citt\u00e0 dotati di servizi di pronto soccorso, su cliniche private e farmacie autorizzate per far fronte a qualsiasi necessit\u00e0 sanitaria.<\/p><p>In caso di emergenza medica puoi rivolgerti ai principali ospedali con pronto soccorso, come:<\/p><ul><li><a href=\"https:\/\/www.policlinicoumberto1.it\/\" rel=\"noopener\">Policlinico Umberto I<\/a> (Viale del Policlinico, 155);<\/li><li><a href=\"https:\/\/www.scamilloforlanini.rm.it\/\" rel=\"noopener\">Ospedale San Camillo-Forlanini<\/a> (Circonvallazione Gianicolense, 87);<\/li><li><a href=\":%20https:\/www.hsangiovanni.roma.it\/\">Azienda Ospedaliera San Giovanni-Addolorata<\/a> (Via dell&#8217;Amba Aradam, 8).<\/li><li><a href=\"https:\/\/www.ospedalebambinogesu.it\/\" rel=\"noopener\">Ospedale Pediatrico Bambino Ges\u00f9<\/a> (Piazza Sant&#8217;Onofrio, 4).<\/li><li><a href=\"https:\/\/www.aslroma2.it\/index.php\/home-cto\" rel=\"noopener\">Ospedale CTO Andrea Alesini<\/a> (Via S. Namesio, 21).<\/li><\/ul><p>Per informazioni dettagliate sui servizi ospedalieri nel Lazio, visita il <a href=\"https:\/\/www.salutelazio.it.\/\" rel=\"noopener\"><strong>sito ufficiale della Sanit\u00e0 Lazio<\/strong><\/a>.<\/p><p>Le farmacie a Roma sono facilmente riconoscibili grazie all\u2019iconica croce verde luminosa. Molte farmacie rimangono aperte 24 ore su 24, garantendo un accesso continuo ai farmaci e ai servizi di consulenza medica. Per individuare la farmacia pi\u00f9 vicina e verificare gli orari di apertura consulta <a href=\"https:\/\/www.farmaciediturno.org\/comune.asp?cod=58091\" rel=\"noopener\"><strong>il sito ufficiale<\/strong><\/a><strong>. <\/strong><\/p><p>Utile altres\u00ec sapere che le farmacie forniscono al cittadino informazioni sanitarie importanti su prevenzione, pronto soccorso, uso dei farmaci, sui servizi e presidi sanitari presenti sul territorio e sulle loro prestazioni: vaccinazioni, prelievi, visite ed esami. Sono, inoltre, abilitate a prestare assistenza integrativa in termini di fornitura gratuita di ausili sanitari agli invalidi al 100%, agli infermi per gravi patologie e di dietetici ai celiaci e nefritici (occorre presentare richiesta medica e autorizzazione USL). Altri servizi offerti includono la misurazione della pressione, il noleggio apparecchiature medico-sanitarie, autotest diagnostici, etc\u2026.<\/p><p style=\"text-align: justify;\"><span style=\"font-size: 11.0pt; font-family: 'Calibri',sans-serif;\">\u00c8 importante conoscere anche il Servizio di continuit\u00e0 assistenziale (ex Guardia medica) che garantisce la continuit\u00e0 delle cure non urgenti ma non rinviabili, quando gli ambulatori dei Medici di Medicina Generale non sono attivi. Il numero per contattare la centrale di ascolto di tale servizio \u00e8: 116117<\/span><\/p><p>Per i cittadini dell\u2019UE \u00e8 raccomandato portare con s\u00e9 la <strong><a href=\"https:\/\/ecc-netitalia.it\/it\/informazioni-di-viaggio\/\">Tessera Europea di Assicurazione Malattia (TEAM)<\/a><\/strong>. Questa tessera consente l\u2019accesso a cure mediche urgenti, garantendo gli stessi livelli di assistenza garantiti ai residenti italiani ovvero tutte quelle prestazioni e servizi che il Servizio Nazionale Sanitario fornisce ai cittadini in via del tutto gratuita o dietro pagamento di una quota di partecipazione (ticket) che differisce da regione a regione. Utile sapere che si verr\u00e0 chiamati a pagare un ticket anche sui codici bianchi di 25 euro per le prestazioni in regime di pronto soccorso non seguite da ricovero (ad eccezione degli esenti e di quelle richieste a seguito di traumatismi ed avvelenamenti acuti)<\/p><p>Se risiedi in un paese al di fuori dell\u2019UE, prima di partire per l\u2019Italia \u00e8 consigliabile contattare il tuo ente assicurativo locale per verificare se \u00e8 necessaria un\u2019assicurazione sanitaria integrativa. In caso di servizi non coperti, \u00e8 opportuno considerare una polizza sanitaria aggiuntiva. \u00c8 importante verificare se sei gi\u00e0 coperto da un\u2019assicurazione, ad esempio attraverso una polizza associata alla tua carta di credito o a una quota di adesione a un\u2019organizzazione di soccorso, sportiva o del tempo libero. Per garantire una copertura immediata, ti consigliamo di sottoscrivere l\u2019assicurazione prima della partenza, tenendo presente che alcune polizze potrebbero entrare in vigore solo dopo un determinato periodo. Confronta sempre le alternative offerte dalle compagnie assicurative per individuare la soluzione pi\u00f9 conveniente e adatta alle tue esigenze. Presta attenzione ai dettagli della copertura, inclusi i massimali di spesa e le condizioni particolari. Una volta stipulata la polizza, conserva con cura tutti i documenti importanti, come i numeri di contatto per l\u2019assistenza e le istruzioni per eventuali richieste di rimborso. Questi accorgimenti ti permetteranno di affrontare eventuali imprevisti in modo sereno e sicuro durante il tuo soggiorno.<\/p><\/div>\n\t\t\t\t<\/div>\n\t\t\t\t\t\t\t<div class=\"elementor-toggle-item\">\n\t\t\t\t\t<h3 id=\"elementor-tab-title-2152\" class=\"elementor-tab-title\" data-tab=\"2\" role=\"button\" aria-controls=\"elementor-tab-content-2152\" aria-expanded=\"false\">\n\t\t\t\t\t\t\t\t\t\t\t\t<span class=\"elementor-toggle-icon elementor-toggle-icon-left\" aria-hidden=\"true\">\n\t\t\t\t\t\t\t\t\t\t\t\t\t\t\t<span class=\"elementor-toggle-icon-closed\"><svg class=\"e-font-icon-svg e-fas-caret-right\" viewBox=\"0 0 192 512\" xmlns=\"http:\/\/www.w3.org\/2000\/svg\"><path d=\"M0 384.662V127.338c0-17.818 21.543-26.741 34.142-14.142l128.662 128.662c7.81 7.81 7.81 20.474 0 28.284L34.142 398.804C21.543 411.404 0 402.48 0 384.662z\"><\/path><\/svg><\/span>\n\t\t\t\t\t\t\t\t<span class=\"elementor-toggle-icon-opened\"><svg class=\"elementor-toggle-icon-opened e-font-icon-svg e-fas-caret-up\" viewBox=\"0 0 320 512\" xmlns=\"http:\/\/www.w3.org\/2000\/svg\"><path d=\"M288.662 352H31.338c-17.818 0-26.741-21.543-14.142-34.142l128.662-128.662c7.81-7.81 20.474-7.81 28.284 0l128.662 128.662c12.6 12.599 3.676 34.142-14.142 34.142z\"><\/path><\/svg><\/span>\n\t\t\t\t\t\t\t\t\t\t\t\t\t<\/span>\n\t\t\t\t\t\t\t\t\t\t\t\t<a class=\"elementor-toggle-title\" tabindex=\"0\">Numeri di emergenza <\/a>\n\t\t\t\t\t<\/h3>\n\n\t\t\t\t\t<div id=\"elementor-tab-content-2152\" class=\"elementor-tab-content elementor-clearfix\" data-tab=\"2\" role=\"region\" aria-labelledby=\"elementor-tab-title-2152\"><p>In Italia si utilizza il 112 come numero unico per le emergenze, un sistema centralizzato che permette di contattare diversi servizi di soccorso in modo rapido e coordinato. Digitando il 112, sarai messo in contatto con il servizio pi\u00f9 adeguato alla tua situazione, che potrebbe includere:<\/p><ul><li>Servizi sanitari, come ambulanze o pronto soccorso;<\/li><li>Forze dell\u2019ordine, tra cui Carabinieri e Polizia di Stato, per segnalare situazioni di pericolo, crimini o minacce alla sicurezza pubblica;<\/li><li>Vigili del Fuoco, per emergenze legate a incendi, incidenti o situazioni di pericolo strutturale.<\/li><\/ul><p>Oltre al 112, ci sono numeri specifici che puoi contattare direttamente per situazioni particolari:<\/p><ul><li>1500: numero dedicato alle informazioni sanitarie. Qui potrai ricevere supporto su tematiche mediche non urgenti, come orientamento sui servizi sanitari o informazioni relative a emergenze sanitarie nazionali.<\/li><li>118: da utilizzare per emergenze mediche in alternativa al 112, qualora si preferisca un contatto diretto con i servizi di emergenza sanitaria.<\/li><li>06 570 600: la Centrale Operativa del Comune di Roma, un punto di riferimento per richieste di assistenza non medica o per segnalazioni riguardanti il territorio comunale.<\/li><\/ul><\/div>\n\t\t\t\t<\/div>\n\t\t\t\t\t\t\t<div class=\"elementor-toggle-item\">\n\t\t\t\t\t<h3 id=\"elementor-tab-title-2153\" class=\"elementor-tab-title\" data-tab=\"3\" role=\"button\" aria-controls=\"elementor-tab-content-2153\" aria-expanded=\"false\">\n\t\t\t\t\t\t\t\t\t\t\t\t<span class=\"elementor-toggle-icon elementor-toggle-icon-left\" aria-hidden=\"true\">\n\t\t\t\t\t\t\t\t\t\t\t\t\t\t\t<span class=\"elementor-toggle-icon-closed\"><svg class=\"e-font-icon-svg e-fas-caret-right\" viewBox=\"0 0 192 512\" xmlns=\"http:\/\/www.w3.org\/2000\/svg\"><path d=\"M0 384.662V127.338c0-17.818 21.543-26.741 34.142-14.142l128.662 128.662c7.81 7.81 7.81 20.474 0 28.284L34.142 398.804C21.543 411.404 0 402.48 0 384.662z\"><\/path><\/svg><\/span>\n\t\t\t\t\t\t\t\t<span class=\"elementor-toggle-icon-opened\"><svg class=\"elementor-toggle-icon-opened e-font-icon-svg e-fas-caret-up\" viewBox=\"0 0 320 512\" xmlns=\"http:\/\/www.w3.org\/2000\/svg\"><path d=\"M288.662 352H31.338c-17.818 0-26.741-21.543-14.142-34.142l128.662-128.662c7.81-7.81 20.474-7.81 28.284 0l128.662 128.662c12.6 12.599 3.676 34.142-14.142 34.142z\"><\/path><\/svg><\/span>\n\t\t\t\t\t\t\t\t\t\t\t\t\t<\/span>\n\t\t\t\t\t\t\t\t\t\t\t\t<a class=\"elementor-toggle-title\" tabindex=\"0\">Sicurezza personale <\/a>\n\t\t\t\t\t<\/h3>\n\n\t\t\t\t\t<div id=\"elementor-tab-content-2153\" class=\"elementor-tab-content elementor-clearfix\" data-tab=\"3\" role=\"region\" aria-labelledby=\"elementor-tab-title-2153\"><p>Roma, come altre citt\u00e0 turistiche, richiede particolare attenzione per garantire la sicurezza personale, soprattutto nelle aree affollate e sui mezzi pubblici. Ecco alcune accortezze per proteggere i tuoi effetti personali e vivere un\u2019esperienza serena.<\/p><p><strong>Protezione degli oggetti personali<\/strong><\/p><ul><li>Borse e zaini: scegli borse a tracolla con chiusura a zip e tienile sempre davanti a te per evitare che vengano aperte di nascosto;<\/li><li>Contanti e carte: porta con te solo il denaro necessario e, ove possibile, utilizza carte di pagamento. Conserva il resto in un luogo sicuro, come la cassaforte dell\u2019hotel;<\/li><li>Oggetti di valore: non lasciare incustoditi dispositivi elettronici, portafogli o smartphone, in particolare nelle hall degli hotel, sui mezzi pubblici o durante visite turistiche.<\/li><\/ul><p><strong>Prevenzione dei borseggi<\/strong><\/p><ul><li>Luoghi affollati: in zone molto frequentate, come Piazza San Pietro, Fontana di Trevi o il Colosseo, presta attenzione a movimenti sospetti e tieni sempre sotto controllo i tuoi oggetti personali.<\/li><li>Sui mezzi pubblici: durante l\u2019uso di autobus, tram o metropolitane, specialmente nelle ore di punta, mantieni zaini e borse davanti a te per maggiore sicurezza;<\/li><li>Stazioni principali: nodi di trasporto come Termini, Tiburtina e Ottaviano sono molto affollati. Controlla attentamente i bagagli e diffida di estranei che si offrono di aiutarti senza essere autorizzati.<\/li><\/ul><p>Inoltre, evita di accettare biglietti, trasporti o servizi da soggetti non autorizzati per prevenire truffe o spiacevoli inconvenienti. Affidati sempre a fornitori riconosciuti o accreditati per organizzare i tuoi spostamenti o acquistare biglietti.<\/p><p>Per i pellegrini che viaggiano in gruppo, \u00e8 fondamentale pianificare con anticipo gli itinerari, considerando le aree particolarmente affollate. \u00c8 consigliabile suddividere il gruppo in sottogruppi con responsabili dedicati per semplificare la gestione e la comunicazione. Inoltre, \u00e8 utile stabilire punti di incontro chiari e facilmente riconoscibili nelle vicinanze delle principali attrazioni, in modo da agevolare il ritrovo in caso di separazione del gruppo.<\/p><p>Per le persone con disabilit\u00e0 o a mobilit\u00e0 ridotta, \u00e8 consigliabile verificare in anticipo la disponibilit\u00e0 di servizi come ascensori, rampe e trasporti pubblici adattati, soprattutto in occasione di eventi e celebrazioni speciali del Giubileo. A Roma sono inoltre disponibili servizi di noleggio per sedie a rotelle, scooter elettrici e altri ausili per la mobilit\u00e0. \u00c8 consigliabile prenotare questi dispositivi in anticipo, in particolare durante i periodi di maggiore affluenza. Inoltre, sono previsti posti auto riservati per persone con disabilit\u00e0 nelle vicinanze delle principali attrazioni turistiche, ma \u00e8 necessario essere in possesso della Carta Europea della Disabilit\u00e0 per usufruirne.<\/p><\/div>\n\t\t\t\t<\/div>\n\t\t\t\t\t\t\t<div class=\"elementor-toggle-item\">\n\t\t\t\t\t<h3 id=\"elementor-tab-title-2154\" class=\"elementor-tab-title\" data-tab=\"4\" role=\"button\" aria-controls=\"elementor-tab-content-2154\" aria-expanded=\"false\">\n\t\t\t\t\t\t\t\t\t\t\t\t<span class=\"elementor-toggle-icon elementor-toggle-icon-left\" aria-hidden=\"true\">\n\t\t\t\t\t\t\t\t\t\t\t\t\t\t\t<span class=\"elementor-toggle-icon-closed\"><svg class=\"e-font-icon-svg e-fas-caret-right\" viewBox=\"0 0 192 512\" xmlns=\"http:\/\/www.w3.org\/2000\/svg\"><path d=\"M0 384.662V127.338c0-17.818 21.543-26.741 34.142-14.142l128.662 128.662c7.81 7.81 7.81 20.474 0 28.284L34.142 398.804C21.543 411.404 0 402.48 0 384.662z\"><\/path><\/svg><\/span>\n\t\t\t\t\t\t\t\t<span class=\"elementor-toggle-icon-opened\"><svg class=\"elementor-toggle-icon-opened e-font-icon-svg e-fas-caret-up\" viewBox=\"0 0 320 512\" xmlns=\"http:\/\/www.w3.org\/2000\/svg\"><path d=\"M288.662 352H31.338c-17.818 0-26.741-21.543-14.142-34.142l128.662-128.662c7.81-7.81 20.474-7.81 28.284 0l128.662 128.662c12.6 12.599 3.676 34.142-14.142 34.142z\"><\/path><\/svg><\/span>\n\t\t\t\t\t\t\t\t\t\t\t\t\t<\/span>\n\t\t\t\t\t\t\t\t\t\t\t\t<a class=\"elementor-toggle-title\" tabindex=\"0\">Consigli utili per la salute e la sicurezza<\/a>\n\t\t\t\t\t<\/h3>\n\n\t\t\t\t\t<div id=\"elementor-tab-content-2154\" class=\"elementor-tab-content elementor-clearfix\" data-tab=\"4\" role=\"region\" aria-labelledby=\"elementor-tab-title-2154\"><ul><li>Porta con te la TEAM (Tessera Europea di Assicurazione Malattia): se sei un cittadino UE, la TEAM garantisce l\u2019accesso a cure mediche urgenti alle stesse condizioni dei residenti italiani. Se risiedi al di fuori dell\u2019UE o desideri una copertura pi\u00f9 completa valuta un\u2019assicurazione sanitaria aggiuntiva.<\/li><li>Memorizza sul tuo telefono il numero 112 e altri numeri utili come il 118 (emergenze mediche) e il 1500 (informazioni sanitarie).<\/li><li>Porta con te una lista di contatti utili: aggiungi ai tuoi documenti i numeri di emergenza, contatti dell\u2019ambasciata o consolato e recapiti della tua assicurazione sanitaria.<\/li><li>Scegli farmacie autorizzate: le farmacie sono riconoscibili dalla croce verde luminosa; molte sono aperte 24 ore. Usa risorse online per trovare quella pi\u00f9 vicina e verificare gli orari.<\/li><li>Fai attenzione ai borseggiatori: nei luoghi turistici e sui mezzi pubblici, tieni zaini e borse a portata di mano. Evita di esporre oggetti di valore e porta con te solo l\u2019essenziale.<\/li><\/ul><\/div>\n\t\t\t\t<\/div>\n\t\t\t\t\t\t\t\t<\/div>\n\t\t\t\t\t\t<\/div>\n\t\t\t\t<\/div>\n\t\t\t\t<div class=\"elementor-element elementor-element-512b35c elementor-hidden-desktop elementor-hidden-tablet elementor-hidden-mobile elementor-widget elementor-widget-text-editor\" data-id=\"512b35c\" data-element_type=\"widget\" data-e-type=\"widget\" data-widget_type=\"text-editor.default\">\n\t\t\t\t<div class=\"elementor-widget-container\">\n\t\t\t\t\t\t\t\t\t<p><strong>Per ulteriori risorse e aggiornamenti sugli eventi e sulle celebrazioni, si consiglia di consultare il <a href=\"https:\/\/www.vatican.va\/content\/vatican\/it.html\" target=\"_blank\" rel=\"noopener\">sito ufficiale della Santa Sede<\/a><\/strong><\/p>\t\t\t\t\t\t\t\t<\/div>\n\t\t\t\t<\/div>\n\t\t\t\t\t<\/div>\n\t\t\t\t<\/div>\n\t\t<div class=\"elementor-element elementor-element-bc5f1e7 e-flex e-con-boxed e-con e-parent\" data-id=\"bc5f1e7\" data-element_type=\"container\" data-e-type=\"container\" data-settings=\"{&quot;_ha_eqh_enable&quot;:false}\">\n\t\t\t\t\t<div class=\"e-con-inner\">\n\t\t\t\t<div class=\"elementor-element elementor-element-bb39173 elementor-widget__width-inherit elementor-widget elementor-widget-text-editor\" data-id=\"bb39173\" data-element_type=\"widget\" data-e-type=\"widget\" data-widget_type=\"text-editor.default\">\n\t\t\t\t<div class=\"elementor-widget-container\">\n\t\t\t\t\t\t\t\t\t<p>Indice&nbsp;<\/p>\t\t\t\t\t\t\t\t<\/div>\n\t\t\t\t<\/div>\n\t\t\t\t<div class=\"elementor-element elementor-element-b1b0978 elementor-icon-list--layout-traditional elementor-list-item-link-full_width elementor-widget elementor-widget-icon-list\" data-id=\"b1b0978\" data-element_type=\"widget\" data-e-type=\"widget\" data-widget_type=\"icon-list.default\">\n\t\t\t\t<div class=\"elementor-widget-container\">\n\t\t\t\t\t\t\t<ul class=\"elementor-icon-list-items\">\n\t\t\t\t\t\t\t<li class=\"elementor-icon-list-item\">\n\t\t\t\t\t\t\t\t\t\t\t<a href=\"https:\/\/ecc-netitalia.it\/it\/guida-giubileo-2025\/\">\n\n\t\t\t\t\t\t\t\t\t\t\t\t<span class=\"elementor-icon-list-icon\">\n\t\t\t\t\t\t\t<i aria-hidden=\"true\" class=\"huge huge-document-validation\"><\/i>\t\t\t\t\t\t<\/span>\n\t\t\t\t\t\t\t\t\t\t<span class=\"elementor-icon-list-text\">Guida al Giubileo 2025<\/span>\n\t\t\t\t\t\t\t\t\t\t\t<\/a>\n\t\t\t\t\t\t\t\t\t<\/li>\n\t\t\t\t\t\t\t\t<li class=\"elementor-icon-list-item\">\n\t\t\t\t\t\t\t\t\t\t\t<a href=\"https:\/\/ecc-netitalia.it\/it\/guida-giubileo-2025-introduzione-al-giubileo-2025\/\">\n\n\t\t\t\t\t\t\t\t\t\t\t\t<span class=\"elementor-icon-list-icon\">\n\t\t\t\t\t\t\t<i aria-hidden=\"true\" class=\"huge huge-document-validation\"><\/i>\t\t\t\t\t\t<\/span>\n\t\t\t\t\t\t\t\t\t\t<span class=\"elementor-icon-list-text\">Introduzione al Giubileo 2025<\/span>\n\t\t\t\t\t\t\t\t\t\t\t<\/a>\n\t\t\t\t\t\t\t\t\t<\/li>\n\t\t\t\t\t\t\t\t<li class=\"elementor-icon-list-item\">\n\t\t\t\t\t\t\t\t\t\t\t<a href=\"https:\/\/ecc-netitalia.it\/it\/guida-giubileo-2025-trasporto\/\">\n\n\t\t\t\t\t\t\t\t\t\t\t\t<span class=\"elementor-icon-list-icon\">\n\t\t\t\t\t\t\t<i aria-hidden=\"true\" class=\"huge huge-document-validation\"><\/i>\t\t\t\t\t\t<\/span>\n\t\t\t\t\t\t\t\t\t\t<span class=\"elementor-icon-list-text\">Trasporto<\/span>\n\t\t\t\t\t\t\t\t\t\t\t<\/a>\n\t\t\t\t\t\t\t\t\t<\/li>\n\t\t\t\t\t\t\t\t<li class=\"elementor-icon-list-item\">\n\t\t\t\t\t\t\t\t\t\t\t<a href=\"https:\/\/ecc-netitalia.it\/it\/guida-giubileo-2025-pacchetti-turistici\/\">\n\n\t\t\t\t\t\t\t\t\t\t\t\t<span class=\"elementor-icon-list-icon\">\n\t\t\t\t\t\t\t<i aria-hidden=\"true\" class=\"huge huge-document-validation\"><\/i>\t\t\t\t\t\t<\/span>\n\t\t\t\t\t\t\t\t\t\t<span class=\"elementor-icon-list-text\">Pacchetti turistici<\/span>\n\t\t\t\t\t\t\t\t\t\t\t<\/a>\n\t\t\t\t\t\t\t\t\t<\/li>\n\t\t\t\t\t\t\t\t<li class=\"elementor-icon-list-item\">\n\t\t\t\t\t\t\t\t\t\t\t<a href=\"https:\/\/ecc-netitalia.it\/it\/guida-giubileo-2025-alloggio\/\">\n\n\t\t\t\t\t\t\t\t\t\t\t\t<span class=\"elementor-icon-list-icon\">\n\t\t\t\t\t\t\t<i aria-hidden=\"true\" class=\"huge huge-document-validation\"><\/i>\t\t\t\t\t\t<\/span>\n\t\t\t\t\t\t\t\t\t\t<span class=\"elementor-icon-list-text\">Alloggio<\/span>\n\t\t\t\t\t\t\t\t\t\t\t<\/a>\n\t\t\t\t\t\t\t\t\t<\/li>\n\t\t\t\t\t\t\t\t<li class=\"elementor-icon-list-item\">\n\t\t\t\t\t\t\t\t\t\t\t<a href=\"https:\/\/ecc-netitalia.it\/it\/guida-giubileo-2025-acquisti\/\">\n\n\t\t\t\t\t\t\t\t\t\t\t\t<span class=\"elementor-icon-list-icon\">\n\t\t\t\t\t\t\t<i aria-hidden=\"true\" class=\"huge huge-document-validation\"><\/i>\t\t\t\t\t\t<\/span>\n\t\t\t\t\t\t\t\t\t\t<span class=\"elementor-icon-list-text\">Acquisti<\/span>\n\t\t\t\t\t\t\t\t\t\t\t<\/a>\n\t\t\t\t\t\t\t\t\t<\/li>\n\t\t\t\t\t\t\t\t<li class=\"elementor-icon-list-item\">\n\t\t\t\t\t\t\t\t\t\t\t<a href=\"https:\/\/ecc-netitalia.it\/it\/guida-giubileo-2025-salute-e-sicurezza\/\">\n\n\t\t\t\t\t\t\t\t\t\t\t\t<span class=\"elementor-icon-list-icon\">\n\t\t\t\t\t\t\t<i aria-hidden=\"true\" class=\"huge huge-document-validation\"><\/i>\t\t\t\t\t\t<\/span>\n\t\t\t\t\t\t\t\t\t\t<span class=\"elementor-icon-list-text\">Salute e sicurezza<\/span>\n\t\t\t\t\t\t\t\t\t\t\t<\/a>\n\t\t\t\t\t\t\t\t\t<\/li>\n\t\t\t\t\t\t\t\t<li class=\"elementor-icon-list-item\">\n\t\t\t\t\t\t\t\t\t\t\t<a href=\"https:\/\/ecc-netitalia.it\/it\/guida-giubileo-2025-comunicazioni-e-internet\/\">\n\n\t\t\t\t\t\t\t\t\t\t\t\t<span class=\"elementor-icon-list-icon\">\n\t\t\t\t\t\t\t<i aria-hidden=\"true\" class=\"huge huge-document-validation\"><\/i>\t\t\t\t\t\t<\/span>\n\t\t\t\t\t\t\t\t\t\t<span class=\"elementor-icon-list-text\">Comunicazioni e Internet<\/span>\n\t\t\t\t\t\t\t\t\t\t\t<\/a>\n\t\t\t\t\t\t\t\t\t<\/li>\n\t\t\t\t\t\t\t\t<li class=\"elementor-icon-list-item\">\n\t\t\t\t\t\t\t\t\t\t\t<a href=\"https:\/\/ecc-netitalia.it\/it\/guida-giubileo-2025-altre-utili-informazioni\/\">\n\n\t\t\t\t\t\t\t\t\t\t\t\t<span class=\"elementor-icon-list-icon\">\n\t\t\t\t\t\t\t<i aria-hidden=\"true\" class=\"huge huge-document-validation\"><\/i>\t\t\t\t\t\t<\/span>\n\t\t\t\t\t\t\t\t\t\t<span class=\"elementor-icon-list-text\">Altre utili informazioni<\/span>\n\t\t\t\t\t\t\t\t\t\t\t<\/a>\n\t\t\t\t\t\t\t\t\t<\/li>\n\t\t\t\t\t\t<\/ul>\n\t\t\t\t\t\t<\/div>\n\t\t\t\t<\/div>\n\t\t\t\t\t<\/div>\n\t\t\t\t<\/div>\n\t\t\t\t<\/div>\n\t\t","protected":false},"excerpt":{"rendered":"<p>Home Consulenza ed assistenza per i consumatori in Europa Per garantire un soggiorno sicuro e sereno, \u00e8 fondamentale essere informati sull&#8217;accesso ai servizi sanitari, sulle misure di sicurezza e sulle precauzioni da adottare. In questa sezione trovi informazioni utili per affrontare eventuali emergenze mediche, proteggerti da problematiche legate alla sicurezza e accedere a supporti istituzionali. [&hellip;]<\/p>\n","protected":false},"author":1,"featured_media":0,"parent":0,"menu_order":0,"comment_status":"closed","ping_status":"closed","template":"","meta":{"footnotes":""},"class_list":["post-9331","page","type-page","status-publish","hentry"],"_links":{"self":[{"href":"https:\/\/ecc-netitalia.it\/it\/wp-json\/wp\/v2\/pages\/9331","targetHints":{"allow":["GET"]}}],"collection":[{"href":"https:\/\/ecc-netitalia.it\/it\/wp-json\/wp\/v2\/pages"}],"about":[{"href":"https:\/\/ecc-netitalia.it\/it\/wp-json\/wp\/v2\/types\/page"}],"author":[{"embeddable":true,"href":"https:\/\/ecc-netitalia.it\/it\/wp-json\/wp\/v2\/users\/1"}],"replies":[{"embeddable":true,"href":"https:\/\/ecc-netitalia.it\/it\/wp-json\/wp\/v2\/comments?post=9331"}],"version-history":[{"count":5,"href":"https:\/\/ecc-netitalia.it\/it\/wp-json\/wp\/v2\/pages\/9331\/revisions"}],"predecessor-version":[{"id":9800,"href":"https:\/\/ecc-netitalia.it\/it\/wp-json\/wp\/v2\/pages\/9331\/revisions\/9800"}],"wp:attachment":[{"href":"https:\/\/ecc-netitalia.it\/it\/wp-json\/wp\/v2\/media?parent=9331"}],"curies":[{"name":"wp","href":"https:\/\/api.w.org\/{rel}","templated":true}]}}